{"id":116,"date":"2020-11-23T08:23:55","date_gmt":"2020-11-23T08:23:55","guid":{"rendered":"http:\/\/grande-real-villa-italia-hotel-spa.ms.decms.eu\/?page_id=116"},"modified":"2024-12-20T11:49:21","modified_gmt":"2024-12-20T11:49:21","slug":"reunioes-e-eventos","status":"publish","type":"page","link":"https:\/\/www.granderealvillaitalia.realhotelsgroup.com\/pt-pt\/reunioes-e-eventos\/","title":{"rendered":"Reuni\u00f5es e Eventos"},"content":{"rendered":"<p>O <strong>Grande Real Villa It\u00e1lia Hotel &amp; Spa<\/strong> em <strong>Cascais<\/strong> tem ao seu dispor diversos espa\u00e7os para a realiza\u00e7\u00e3o das mais variadas <strong>reuni\u00f5es e eventos<\/strong>.<\/p>\n<p>Espa\u00e7os cobertos e exteriores, banhados pela <strong>luz natural<\/strong>, que privilegiam a <strong>vista para o mar<\/strong> e <strong>espa\u00e7os verdes<\/strong>. Todos eles adapt\u00e1veis aos mais variados tipos de acontecimentos.<\/p>\n<p><strong>Salas de luxo<\/strong>, com requintados ambientes cl\u00e1ssicos, como a Sala M\u00e9dice e a Toscana s\u00e3o ideais para <strong>reuni\u00f5es privadas, jantares intimistas<\/strong> ou qualquer outro tipo de evento. Se pretende realizar uma reuni\u00e3o ou <strong>festa de maior dimens\u00e3o<\/strong>, a Sala Principe de Sab\u00f3ia tem uma <strong>capacidade m\u00e1xima para 400 pessoas<\/strong>. Localizadas mesmo em frente ao mar, as salas Duque D&#8217;Aosta e Loggia s\u00e3o a escolha perfeita para <strong>cocktails<\/strong> ou para <strong>lan\u00e7amento de marcas<\/strong>. Nos espa\u00e7os exteriores do hotel e na zona da piscina \u00e9 poss\u00edvel realizar eventos como lan\u00e7amentos e apresenta\u00e7\u00f5es autom\u00f3veis.<\/p>\n<p>Se o seu sonho \u00e9 <strong>casar em frente ao mar<\/strong>, este hotel tem capacidade para a realiza\u00e7\u00e3o da <strong>cerim\u00f3nia<\/strong> e <strong>festa de casamento<\/strong> com que sempre sonhou!<\/p>\n<p>Fale com a equipa de profissionais, que lhe ir\u00e3o apresentar solu\u00e7\u00f5es integradas e servi\u00e7os totalmente personalizados.<\/p>\n<p>&nbsp;<\/p>\n<p>Visite o nosso site oficial<strong> Real Events<\/strong> e fique a conhecer estes e outros espa\u00e7os que temos dispon\u00edveis para realizar os seus eventos.<\/p>\n","protected":false},"excerpt":{"rendered":"<p>O Grande Real Villa It\u00e1lia Hotel &amp; Spa em Cascais tem ao seu dispor diversos espa\u00e7os para a realiza\u00e7\u00e3o das mais variadas reuni\u00f5es e eventos. Espa\u00e7os cobertos e exteriores, banhados pela luz natural, que privilegiam a vista para o mar e espa\u00e7os verdes. Todos eles adapt\u00e1veis aos mais variados tipos de acontecimentos. Salas de luxo, [&hellip;]<\/p>\n","protected":false},"author":3,"featured_media":0,"parent":0,"menu_order":60,"comment_status":"closed","ping_status":"closed","template":"template-meetings-events.php","meta":{"footnotes":""},"class_list":["post-116","page","type-page","status-publish","hentry"],"yoast_head":"<!-- This site is optimized with the Yoast SEO plugin v26.9 - https:\/\/yoast.com\/product\/yoast-seo-wordpress\/ -->\n<title>Reuni\u00f5es e Eventos - Grande Real Villa It\u00e1lia Hotel &amp; Spa<\/title>\n<meta name=\"robots\" content=\"index, follow, max-snippet:-1, max-image-preview:large, max-video-preview:-1\" \/>\n<link rel=\"canonical\" href=\"https:\/\/www.granderealvillaitalia.realhotelsgroup.com\/pt-pt\/reunioes-e-eventos\/\" \/>\n<meta property=\"og:locale\" content=\"pt_PT\" \/>\n<meta property=\"og:type\" content=\"article\" \/>\n<meta property=\"og:title\" content=\"Reuni\u00f5es e Eventos - Grande Real Villa It\u00e1lia Hotel &amp; Spa\" \/>\n<meta property=\"og:description\" content=\"O Grande Real Villa It\u00e1lia Hotel &amp; Spa em Cascais tem ao seu dispor diversos espa\u00e7os para a realiza\u00e7\u00e3o das mais variadas reuni\u00f5es e eventos. Espa\u00e7os cobertos e exteriores, banhados pela luz natural, que privilegiam a vista para o mar e espa\u00e7os verdes. Todos eles adapt\u00e1veis aos mais variados tipos de acontecimentos. Salas de luxo, [&hellip;]\" \/>\n<meta property=\"og:url\" content=\"https:\/\/www.granderealvillaitalia.realhotelsgroup.com\/pt-pt\/reunioes-e-eventos\/\" \/>\n<meta property=\"og:site_name\" content=\"Grande Real Villa It\u00e1lia Hotel &amp; Spa\" \/>\n<meta property=\"article:modified_time\" content=\"2024-12-20T11:49:21+00:00\" \/>\n<meta name=\"twitter:card\" content=\"summary_large_image\" \/>\n<meta name=\"twitter:label1\" content=\"Tempo estimado de leitura\" \/>\n\t<meta name=\"twitter:data1\" content=\"1 minuto\" \/>\n<script type=\"application\/ld+json\" class=\"yoast-schema-graph\">{\"@context\":\"https:\/\/schema.org\",\"@graph\":[{\"@type\":\"WebPage\",\"@id\":\"https:\/\/www.granderealvillaitalia.realhotelsgroup.com\/pt-pt\/reunioes-e-eventos\/\",\"url\":\"https:\/\/www.granderealvillaitalia.realhotelsgroup.com\/pt-pt\/reunioes-e-eventos\/\",\"name\":\"Reuni\u00f5es e Eventos - Grande Real Villa It\u00e1lia Hotel & Spa\",\"isPartOf\":{\"@id\":\"https:\/\/www.granderealvillaitalia.realhotelsgroup.com\/pt-pt\/#website\"},\"datePublished\":\"2020-11-23T08:23:55+00:00\",\"dateModified\":\"2024-12-20T11:49:21+00:00\",\"breadcrumb\":{\"@id\":\"https:\/\/www.granderealvillaitalia.realhotelsgroup.com\/pt-pt\/reunioes-e-eventos\/#breadcrumb\"},\"inLanguage\":\"pt-PT\",\"potentialAction\":[{\"@type\":\"ReadAction\",\"target\":[\"https:\/\/www.granderealvillaitalia.realhotelsgroup.com\/pt-pt\/reunioes-e-eventos\/\"]}]},{\"@type\":\"BreadcrumbList\",\"@id\":\"https:\/\/www.granderealvillaitalia.realhotelsgroup.com\/pt-pt\/reunioes-e-eventos\/#breadcrumb\",\"itemListElement\":[{\"@type\":\"ListItem\",\"position\":1,\"name\":\"Home\",\"item\":\"https:\/\/www.granderealvillaitalia.realhotelsgroup.com\/pt-pt\/\"},{\"@type\":\"ListItem\",\"position\":2,\"name\":\"Reuni\u00f5es e Eventos\"}]},{\"@type\":\"WebSite\",\"@id\":\"https:\/\/www.granderealvillaitalia.realhotelsgroup.com\/pt-pt\/#website\",\"url\":\"https:\/\/www.granderealvillaitalia.realhotelsgroup.com\/pt-pt\/\",\"name\":\"Grande Real Villa It\u00e1lia Hotel & Spa\",\"description\":\"Just another ms.decms.eu site\",\"potentialAction\":[{\"@type\":\"SearchAction\",\"target\":{\"@type\":\"EntryPoint\",\"urlTemplate\":\"https:\/\/www.granderealvillaitalia.realhotelsgroup.com\/pt-pt\/?s={search_term_string}\"},\"query-input\":{\"@type\":\"PropertyValueSpecification\",\"valueRequired\":true,\"valueName\":\"search_term_string\"}}],\"inLanguage\":\"pt-PT\"}]}<\/script>\n<!-- \/ Yoast SEO plugin. -->","yoast_head_json":{"title":"Reuni\u00f5es e Eventos - Grande Real Villa It\u00e1lia Hotel & Spa","robots":{"index":"index","follow":"follow","max-snippet":"max-snippet:-1","max-image-preview":"max-image-preview:large","max-video-preview":"max-video-preview:-1"},"canonical":"https:\/\/www.granderealvillaitalia.realhotelsgroup.com\/pt-pt\/reunioes-e-eventos\/","og_locale":"pt_PT","og_type":"article","og_title":"Reuni\u00f5es e Eventos - Grande Real Villa It\u00e1lia Hotel & Spa","og_description":"O Grande Real Villa It\u00e1lia Hotel &amp; Spa em Cascais tem ao seu dispor diversos espa\u00e7os para a realiza\u00e7\u00e3o das mais variadas reuni\u00f5es e eventos. Espa\u00e7os cobertos e exteriores, banhados pela luz natural, que privilegiam a vista para o mar e espa\u00e7os verdes. Todos eles adapt\u00e1veis aos mais variados tipos de acontecimentos. Salas de luxo, [&hellip;]","og_url":"https:\/\/www.granderealvillaitalia.realhotelsgroup.com\/pt-pt\/reunioes-e-eventos\/","og_site_name":"Grande Real Villa It\u00e1lia Hotel & Spa","article_modified_time":"2024-12-20T11:49:21+00:00","twitter_card":"summary_large_image","twitter_misc":{"Tempo estimado de leitura":"1 minuto"},"schema":{"@context":"https:\/\/schema.org","@graph":[{"@type":"WebPage","@id":"https:\/\/www.granderealvillaitalia.realhotelsgroup.com\/pt-pt\/reunioes-e-eventos\/","url":"https:\/\/www.granderealvillaitalia.realhotelsgroup.com\/pt-pt\/reunioes-e-eventos\/","name":"Reuni\u00f5es e Eventos - Grande Real Villa It\u00e1lia Hotel & Spa","isPartOf":{"@id":"https:\/\/www.granderealvillaitalia.realhotelsgroup.com\/pt-pt\/#website"},"datePublished":"2020-11-23T08:23:55+00:00","dateModified":"2024-12-20T11:49:21+00:00","breadcrumb":{"@id":"https:\/\/www.granderealvillaitalia.realhotelsgroup.com\/pt-pt\/reunioes-e-eventos\/#breadcrumb"},"inLanguage":"pt-PT","potentialAction":[{"@type":"ReadAction","target":["https:\/\/www.granderealvillaitalia.realhotelsgroup.com\/pt-pt\/reunioes-e-eventos\/"]}]},{"@type":"BreadcrumbList","@id":"https:\/\/www.granderealvillaitalia.realhotelsgroup.com\/pt-pt\/reunioes-e-eventos\/#breadcrumb","itemListElement":[{"@type":"ListItem","position":1,"name":"Home","item":"https:\/\/www.granderealvillaitalia.realhotelsgroup.com\/pt-pt\/"},{"@type":"ListItem","position":2,"name":"Reuni\u00f5es e Eventos"}]},{"@type":"WebSite","@id":"https:\/\/www.granderealvillaitalia.realhotelsgroup.com\/pt-pt\/#website","url":"https:\/\/www.granderealvillaitalia.realhotelsgroup.com\/pt-pt\/","name":"Grande Real Villa It\u00e1lia Hotel & Spa","description":"Just another ms.decms.eu site","potentialAction":[{"@type":"SearchAction","target":{"@type":"EntryPoint","urlTemplate":"https:\/\/www.granderealvillaitalia.realhotelsgroup.com\/pt-pt\/?s={search_term_string}"},"query-input":{"@type":"PropertyValueSpecification","valueRequired":true,"valueName":"search_term_string"}}],"inLanguage":"pt-PT"}]}},"acf":[],"_links":{"self":[{"href":"https:\/\/www.granderealvillaitalia.realhotelsgroup.com\/pt-pt\/wp-json\/wp\/v2\/pages\/116","targetHints":{"allow":["GET"]}}],"collection":[{"href":"https:\/\/www.granderealvillaitalia.realhotelsgroup.com\/pt-pt\/wp-json\/wp\/v2\/pages"}],"about":[{"href":"https:\/\/www.granderealvillaitalia.realhotelsgroup.com\/pt-pt\/wp-json\/wp\/v2\/types\/page"}],"author":[{"embeddable":true,"href":"https:\/\/www.granderealvillaitalia.realhotelsgroup.com\/pt-pt\/wp-json\/wp\/v2\/users\/3"}],"replies":[{"embeddable":true,"href":"https:\/\/www.granderealvillaitalia.realhotelsgroup.com\/pt-pt\/wp-json\/wp\/v2\/comments?post=116"}],"version-history":[{"count":0,"href":"https:\/\/www.granderealvillaitalia.realhotelsgroup.com\/pt-pt\/wp-json\/wp\/v2\/pages\/116\/revisions"}],"wp:attachment":[{"href":"https:\/\/www.granderealvillaitalia.realhotelsgroup.com\/pt-pt\/wp-json\/wp\/v2\/media?parent=116"}],"curies":[{"name":"wp","href":"https:\/\/api.w.org\/{rel}","templated":true}]}}