{"id":122,"date":"2020-11-23T09:02:41","date_gmt":"2020-11-23T09:02:41","guid":{"rendered":"http:\/\/grande-real-villa-italia-hotel-spa.ms.decms.eu\/?page_id=122"},"modified":"2024-12-20T11:52:39","modified_gmt":"2024-12-20T11:52:39","slug":"eventos-corporate","status":"publish","type":"page","link":"https:\/\/www.granderealvillaitalia.realhotelsgroup.com\/pt-pt\/reunioes-e-eventos\/eventos-corporate\/","title":{"rendered":"Eventos Corporate"},"content":{"rendered":"<p>Procura um espa\u00e7o para um acontecimento da sua empresa com um servi\u00e7o ex\u00edmio, uma localiza\u00e7\u00e3o \u00fanica e um ambiente totalmente diferenciador?<\/p>\n<p>A localiza\u00e7\u00e3o do <strong>Grande Real Villa It\u00e1lia Hotel &amp; Spa<\/strong> e a sua complementaridade de servi\u00e7os de excel\u00eancia, definem o sucesso de uma reuni\u00e3o ou incentivo da sua empresa.<\/p>\n<p>Inicie o seu dia de trabalho com <strong>vista para o mar<\/strong> de <strong>Cascais<\/strong> numa das<strong> 8 Salas de Reuni\u00e3o convert\u00edveis em 20 espa\u00e7os multifuncionais<\/strong>\u00a0totalmente equipadas com <strong>capacidade m\u00e1xima para 400 pessoas<\/strong>. Cada sala tem luz natural e decora\u00e7\u00e3o e ambiente pr\u00f3prios, adaptando-se a v\u00e1rios registos.<\/p>\n<p>Personalize o seu <strong>menu<\/strong> ou <strong>coffee-break<\/strong> e fa\u00e7a uma pausa num espa\u00e7o exterior com vista para o mar, exclusivo para a sua empresa.<\/p>\n<p>No final do dia de trabalho, convidamo-lo a descontrair no <strong>Real Spa Therapy<\/strong>. Com decora\u00e7\u00e3o inspirada nas termas romanas, desfrute de uma massagem ou <strong>tratamentos com \u00e1gua do mar<\/strong> e do <strong>circuito de talassoterapia<\/strong>.<\/p>\n<p>Se a reuni\u00e3o se prolongar, retempere as energias no conforto dos nossos quartos e conhe\u00e7a um novo amanhecer.<\/p>\n<p><strong>Personalizamos todo o tipo de eventos, mediante as suas necessidades!<\/strong><\/p>\n<p>Visite o nosso site oficial<strong>\u00a0Real Events<\/strong>\u00a0e fique a conhecer estes e outros espa\u00e7os que temos dispon\u00edveis para realizar os seus eventos.<\/p>\n<h6><span data-olk-copy-source=\"MessageBody\">Os custos das chamadas para a rede fixa nacional aplicam-se a todos os n\u00fameros de telefone indicados nesta p\u00e1gina.<\/span><\/h6>\n","protected":false},"excerpt":{"rendered":"<p>Procura um espa\u00e7o para um acontecimento da sua empresa com um servi\u00e7o ex\u00edmio, uma localiza\u00e7\u00e3o \u00fanica e um ambiente totalmente diferenciador? A localiza\u00e7\u00e3o do Grande Real Villa It\u00e1lia Hotel &amp; Spa e a sua complementaridade de servi\u00e7os de excel\u00eancia, definem o sucesso de uma reuni\u00e3o ou incentivo da sua empresa. Inicie o seu dia de [&hellip;]<\/p>\n","protected":false},"author":3,"featured_media":0,"parent":116,"menu_order":0,"comment_status":"closed","ping_status":"closed","template":"template-corporate-events.php","meta":{"footnotes":""},"class_list":["post-122","page","type-page","status-publish","hentry"],"yoast_head":"<!-- This site is optimized with the Yoast SEO plugin v26.9 - https:\/\/yoast.com\/product\/yoast-seo-wordpress\/ -->\n<title>Eventos Corporate - Grande Real Villa It\u00e1lia Hotel &amp; Spa<\/title>\n<meta name=\"robots\" content=\"index, follow, max-snippet:-1, max-image-preview:large, max-video-preview:-1\" \/>\n<link rel=\"canonical\" href=\"https:\/\/www.granderealvillaitalia.realhotelsgroup.com\/pt-pt\/reunioes-e-eventos\/eventos-corporate\/\" \/>\n<meta property=\"og:locale\" content=\"pt_PT\" \/>\n<meta property=\"og:type\" content=\"article\" \/>\n<meta property=\"og:title\" content=\"Eventos Corporate - Grande Real Villa It\u00e1lia Hotel &amp; Spa\" \/>\n<meta property=\"og:description\" content=\"Procura um espa\u00e7o para um acontecimento da sua empresa com um servi\u00e7o ex\u00edmio, uma localiza\u00e7\u00e3o \u00fanica e um ambiente totalmente diferenciador? A localiza\u00e7\u00e3o do Grande Real Villa It\u00e1lia Hotel &amp; Spa e a sua complementaridade de servi\u00e7os de excel\u00eancia, definem o sucesso de uma reuni\u00e3o ou incentivo da sua empresa. Inicie o seu dia de [&hellip;]\" \/>\n<meta property=\"og:url\" content=\"https:\/\/www.granderealvillaitalia.realhotelsgroup.com\/pt-pt\/reunioes-e-eventos\/eventos-corporate\/\" \/>\n<meta property=\"og:site_name\" content=\"Grande Real Villa It\u00e1lia Hotel &amp; Spa\" \/>\n<meta property=\"article:modified_time\" content=\"2024-12-20T11:52:39+00:00\" \/>\n<meta name=\"twitter:card\" content=\"summary_large_image\" \/>\n<meta name=\"twitter:label1\" content=\"Tempo estimado de leitura\" \/>\n\t<meta name=\"twitter:data1\" content=\"1 minuto\" \/>\n<script type=\"application\/ld+json\" class=\"yoast-schema-graph\">{\"@context\":\"https:\/\/schema.org\",\"@graph\":[{\"@type\":\"WebPage\",\"@id\":\"https:\/\/www.granderealvillaitalia.realhotelsgroup.com\/pt-pt\/reunioes-e-eventos\/eventos-corporate\/\",\"url\":\"https:\/\/www.granderealvillaitalia.realhotelsgroup.com\/pt-pt\/reunioes-e-eventos\/eventos-corporate\/\",\"name\":\"Eventos Corporate - Grande Real Villa It\u00e1lia Hotel & Spa\",\"isPartOf\":{\"@id\":\"https:\/\/www.granderealvillaitalia.realhotelsgroup.com\/pt-pt\/#website\"},\"datePublished\":\"2020-11-23T09:02:41+00:00\",\"dateModified\":\"2024-12-20T11:52:39+00:00\",\"breadcrumb\":{\"@id\":\"https:\/\/www.granderealvillaitalia.realhotelsgroup.com\/pt-pt\/reunioes-e-eventos\/eventos-corporate\/#breadcrumb\"},\"inLanguage\":\"pt-PT\",\"potentialAction\":[{\"@type\":\"ReadAction\",\"target\":[\"https:\/\/www.granderealvillaitalia.realhotelsgroup.com\/pt-pt\/reunioes-e-eventos\/eventos-corporate\/\"]}]},{\"@type\":\"BreadcrumbList\",\"@id\":\"https:\/\/www.granderealvillaitalia.realhotelsgroup.com\/pt-pt\/reunioes-e-eventos\/eventos-corporate\/#breadcrumb\",\"itemListElement\":[{\"@type\":\"ListItem\",\"position\":1,\"name\":\"Home\",\"item\":\"https:\/\/www.granderealvillaitalia.realhotelsgroup.com\/pt-pt\/\"},{\"@type\":\"ListItem\",\"position\":2,\"name\":\"Reuni\u00f5es e Eventos\",\"item\":\"https:\/\/www.granderealvillaitalia.realhotelsgroup.com\/pt-pt\/reunioes-e-eventos\/\"},{\"@type\":\"ListItem\",\"position\":3,\"name\":\"Eventos Corporate\"}]},{\"@type\":\"WebSite\",\"@id\":\"https:\/\/www.granderealvillaitalia.realhotelsgroup.com\/pt-pt\/#website\",\"url\":\"https:\/\/www.granderealvillaitalia.realhotelsgroup.com\/pt-pt\/\",\"name\":\"Grande Real Villa It\u00e1lia Hotel & Spa\",\"description\":\"Just another ms.decms.eu site\",\"potentialAction\":[{\"@type\":\"SearchAction\",\"target\":{\"@type\":\"EntryPoint\",\"urlTemplate\":\"https:\/\/www.granderealvillaitalia.realhotelsgroup.com\/pt-pt\/?s={search_term_string}\"},\"query-input\":{\"@type\":\"PropertyValueSpecification\",\"valueRequired\":true,\"valueName\":\"search_term_string\"}}],\"inLanguage\":\"pt-PT\"}]}<\/script>\n<!-- \/ Yoast SEO plugin. -->","yoast_head_json":{"title":"Eventos Corporate - Grande Real Villa It\u00e1lia Hotel & Spa","robots":{"index":"index","follow":"follow","max-snippet":"max-snippet:-1","max-image-preview":"max-image-preview:large","max-video-preview":"max-video-preview:-1"},"canonical":"https:\/\/www.granderealvillaitalia.realhotelsgroup.com\/pt-pt\/reunioes-e-eventos\/eventos-corporate\/","og_locale":"pt_PT","og_type":"article","og_title":"Eventos Corporate - Grande Real Villa It\u00e1lia Hotel & Spa","og_description":"Procura um espa\u00e7o para um acontecimento da sua empresa com um servi\u00e7o ex\u00edmio, uma localiza\u00e7\u00e3o \u00fanica e um ambiente totalmente diferenciador? A localiza\u00e7\u00e3o do Grande Real Villa It\u00e1lia Hotel &amp; Spa e a sua complementaridade de servi\u00e7os de excel\u00eancia, definem o sucesso de uma reuni\u00e3o ou incentivo da sua empresa. Inicie o seu dia de [&hellip;]","og_url":"https:\/\/www.granderealvillaitalia.realhotelsgroup.com\/pt-pt\/reunioes-e-eventos\/eventos-corporate\/","og_site_name":"Grande Real Villa It\u00e1lia Hotel & Spa","article_modified_time":"2024-12-20T11:52:39+00:00","twitter_card":"summary_large_image","twitter_misc":{"Tempo estimado de leitura":"1 minuto"},"schema":{"@context":"https:\/\/schema.org","@graph":[{"@type":"WebPage","@id":"https:\/\/www.granderealvillaitalia.realhotelsgroup.com\/pt-pt\/reunioes-e-eventos\/eventos-corporate\/","url":"https:\/\/www.granderealvillaitalia.realhotelsgroup.com\/pt-pt\/reunioes-e-eventos\/eventos-corporate\/","name":"Eventos Corporate - Grande Real Villa It\u00e1lia Hotel & Spa","isPartOf":{"@id":"https:\/\/www.granderealvillaitalia.realhotelsgroup.com\/pt-pt\/#website"},"datePublished":"2020-11-23T09:02:41+00:00","dateModified":"2024-12-20T11:52:39+00:00","breadcrumb":{"@id":"https:\/\/www.granderealvillaitalia.realhotelsgroup.com\/pt-pt\/reunioes-e-eventos\/eventos-corporate\/#breadcrumb"},"inLanguage":"pt-PT","potentialAction":[{"@type":"ReadAction","target":["https:\/\/www.granderealvillaitalia.realhotelsgroup.com\/pt-pt\/reunioes-e-eventos\/eventos-corporate\/"]}]},{"@type":"BreadcrumbList","@id":"https:\/\/www.granderealvillaitalia.realhotelsgroup.com\/pt-pt\/reunioes-e-eventos\/eventos-corporate\/#breadcrumb","itemListElement":[{"@type":"ListItem","position":1,"name":"Home","item":"https:\/\/www.granderealvillaitalia.realhotelsgroup.com\/pt-pt\/"},{"@type":"ListItem","position":2,"name":"Reuni\u00f5es e Eventos","item":"https:\/\/www.granderealvillaitalia.realhotelsgroup.com\/pt-pt\/reunioes-e-eventos\/"},{"@type":"ListItem","position":3,"name":"Eventos Corporate"}]},{"@type":"WebSite","@id":"https:\/\/www.granderealvillaitalia.realhotelsgroup.com\/pt-pt\/#website","url":"https:\/\/www.granderealvillaitalia.realhotelsgroup.com\/pt-pt\/","name":"Grande Real Villa It\u00e1lia Hotel & Spa","description":"Just another ms.decms.eu site","potentialAction":[{"@type":"SearchAction","target":{"@type":"EntryPoint","urlTemplate":"https:\/\/www.granderealvillaitalia.realhotelsgroup.com\/pt-pt\/?s={search_term_string}"},"query-input":{"@type":"PropertyValueSpecification","valueRequired":true,"valueName":"search_term_string"}}],"inLanguage":"pt-PT"}]}},"acf":[],"_links":{"self":[{"href":"https:\/\/www.granderealvillaitalia.realhotelsgroup.com\/pt-pt\/wp-json\/wp\/v2\/pages\/122","targetHints":{"allow":["GET"]}}],"collection":[{"href":"https:\/\/www.granderealvillaitalia.realhotelsgroup.com\/pt-pt\/wp-json\/wp\/v2\/pages"}],"about":[{"href":"https:\/\/www.granderealvillaitalia.realhotelsgroup.com\/pt-pt\/wp-json\/wp\/v2\/types\/page"}],"author":[{"embeddable":true,"href":"https:\/\/www.granderealvillaitalia.realhotelsgroup.com\/pt-pt\/wp-json\/wp\/v2\/users\/3"}],"replies":[{"embeddable":true,"href":"https:\/\/www.granderealvillaitalia.realhotelsgroup.com\/pt-pt\/wp-json\/wp\/v2\/comments?post=122"}],"version-history":[{"count":0,"href":"https:\/\/www.granderealvillaitalia.realhotelsgroup.com\/pt-pt\/wp-json\/wp\/v2\/pages\/122\/revisions"}],"up":[{"embeddable":true,"href":"https:\/\/www.granderealvillaitalia.realhotelsgroup.com\/pt-pt\/wp-json\/wp\/v2\/pages\/116"}],"wp:attachment":[{"href":"https:\/\/www.granderealvillaitalia.realhotelsgroup.com\/pt-pt\/wp-json\/wp\/v2\/media?parent=122"}],"curies":[{"name":"wp","href":"https:\/\/api.w.org\/{rel}","templated":true}]}}