{"id":127,"date":"2020-11-23T09:29:30","date_gmt":"2020-11-23T09:29:30","guid":{"rendered":"http:\/\/grande-real-villa-italia-hotel-spa.ms.decms.eu\/?page_id=127"},"modified":"2024-12-20T11:56:15","modified_gmt":"2024-12-20T11:56:15","slug":"eventos-de-automoveis","status":"publish","type":"page","link":"https:\/\/www.granderealvillaitalia.realhotelsgroup.com\/pt-pt\/reunioes-e-eventos\/eventos-de-automoveis\/","title":{"rendered":"Eventos de Autom\u00f3veis"},"content":{"rendered":"<p>O <strong>Grande Real Villa It\u00e1lia Hotel &amp; Spa<\/strong> tem a possibilidade de receber e organizar o <strong>lan\u00e7amento de autom\u00f3veis<\/strong> ou outros eventos destinados a este produto.<\/p>\n<p>Pela disponibilidade e <strong>diversidade de espa\u00e7os<\/strong>, pela proximidade de estradas onde \u00e9 poss\u00edvel fazer test-drives, pela paisagem inspiradora, e pela experi\u00eancia que temos em todo o tipo de eventos e catering, para al\u00e9m da nossa localiza\u00e7\u00e3o \u00e9pica, somos o seu parceiro ideal.<\/p>\n<p>Conhe\u00e7a os nossos espa\u00e7os e plantas.<\/p>\n<p>Visite o nosso site oficial<strong>\u00a0Real Events<\/strong>\u00a0e fique a conhecer estes e outros espa\u00e7os que temos dispon\u00edveis para realizar os seus eventos.<\/p>\n<h6>Os custos das chamadas para a rede fixa nacional aplicam-se a todos os n\u00fameros de telefone indicados nesta p\u00e1gina.<\/h6>\n","protected":false},"excerpt":{"rendered":"<p>O Grande Real Villa It\u00e1lia Hotel &amp; Spa tem a possibilidade de receber e organizar o lan\u00e7amento de autom\u00f3veis ou outros eventos destinados a este produto. Pela disponibilidade e diversidade de espa\u00e7os, pela proximidade de estradas onde \u00e9 poss\u00edvel fazer test-drives, pela paisagem inspiradora, e pela experi\u00eancia que temos em todo o tipo de eventos [&hellip;]<\/p>\n","protected":false},"author":3,"featured_media":0,"parent":116,"menu_order":20,"comment_status":"closed","ping_status":"closed","template":"template-corporate-events.php","meta":{"footnotes":""},"class_list":["post-127","page","type-page","status-publish","hentry"],"yoast_head":"<!-- This site is optimized with the Yoast SEO plugin v26.9 - https:\/\/yoast.com\/product\/yoast-seo-wordpress\/ -->\n<title>Eventos de Autom\u00f3veis - Grande Real Villa It\u00e1lia Hotel &amp; Spa<\/title>\n<meta name=\"robots\" content=\"index, follow, max-snippet:-1, max-image-preview:large, max-video-preview:-1\" \/>\n<link rel=\"canonical\" href=\"https:\/\/www.granderealvillaitalia.realhotelsgroup.com\/pt-pt\/reunioes-e-eventos\/eventos-de-automoveis\/\" \/>\n<meta property=\"og:locale\" content=\"pt_PT\" \/>\n<meta property=\"og:type\" content=\"article\" \/>\n<meta property=\"og:title\" content=\"Eventos de Autom\u00f3veis - Grande Real Villa It\u00e1lia Hotel &amp; Spa\" \/>\n<meta property=\"og:description\" content=\"O Grande Real Villa It\u00e1lia Hotel &amp; Spa tem a possibilidade de receber e organizar o lan\u00e7amento de autom\u00f3veis ou outros eventos destinados a este produto. Pela disponibilidade e diversidade de espa\u00e7os, pela proximidade de estradas onde \u00e9 poss\u00edvel fazer test-drives, pela paisagem inspiradora, e pela experi\u00eancia que temos em todo o tipo de eventos [&hellip;]\" \/>\n<meta property=\"og:url\" content=\"https:\/\/www.granderealvillaitalia.realhotelsgroup.com\/pt-pt\/reunioes-e-eventos\/eventos-de-automoveis\/\" \/>\n<meta property=\"og:site_name\" content=\"Grande Real Villa It\u00e1lia Hotel &amp; Spa\" \/>\n<meta property=\"article:modified_time\" content=\"2024-12-20T11:56:15+00:00\" \/>\n<meta name=\"twitter:card\" content=\"summary_large_image\" \/>\n<meta name=\"twitter:label1\" content=\"Tempo estimado de leitura\" \/>\n\t<meta name=\"twitter:data1\" content=\"1 minuto\" \/>\n<script type=\"application\/ld+json\" class=\"yoast-schema-graph\">{\"@context\":\"https:\/\/schema.org\",\"@graph\":[{\"@type\":\"WebPage\",\"@id\":\"https:\/\/www.granderealvillaitalia.realhotelsgroup.com\/pt-pt\/reunioes-e-eventos\/eventos-de-automoveis\/\",\"url\":\"https:\/\/www.granderealvillaitalia.realhotelsgroup.com\/pt-pt\/reunioes-e-eventos\/eventos-de-automoveis\/\",\"name\":\"Eventos de Autom\u00f3veis - Grande Real Villa It\u00e1lia Hotel & Spa\",\"isPartOf\":{\"@id\":\"https:\/\/www.granderealvillaitalia.realhotelsgroup.com\/pt-pt\/#website\"},\"datePublished\":\"2020-11-23T09:29:30+00:00\",\"dateModified\":\"2024-12-20T11:56:15+00:00\",\"breadcrumb\":{\"@id\":\"https:\/\/www.granderealvillaitalia.realhotelsgroup.com\/pt-pt\/reunioes-e-eventos\/eventos-de-automoveis\/#breadcrumb\"},\"inLanguage\":\"pt-PT\",\"potentialAction\":[{\"@type\":\"ReadAction\",\"target\":[\"https:\/\/www.granderealvillaitalia.realhotelsgroup.com\/pt-pt\/reunioes-e-eventos\/eventos-de-automoveis\/\"]}]},{\"@type\":\"BreadcrumbList\",\"@id\":\"https:\/\/www.granderealvillaitalia.realhotelsgroup.com\/pt-pt\/reunioes-e-eventos\/eventos-de-automoveis\/#breadcrumb\",\"itemListElement\":[{\"@type\":\"ListItem\",\"position\":1,\"name\":\"Home\",\"item\":\"https:\/\/www.granderealvillaitalia.realhotelsgroup.com\/pt-pt\/\"},{\"@type\":\"ListItem\",\"position\":2,\"name\":\"Reuni\u00f5es e Eventos\",\"item\":\"https:\/\/www.granderealvillaitalia.realhotelsgroup.com\/pt-pt\/reunioes-e-eventos\/\"},{\"@type\":\"ListItem\",\"position\":3,\"name\":\"Eventos de Autom\u00f3veis\"}]},{\"@type\":\"WebSite\",\"@id\":\"https:\/\/www.granderealvillaitalia.realhotelsgroup.com\/pt-pt\/#website\",\"url\":\"https:\/\/www.granderealvillaitalia.realhotelsgroup.com\/pt-pt\/\",\"name\":\"Grande Real Villa It\u00e1lia Hotel & Spa\",\"description\":\"Just another ms.decms.eu site\",\"potentialAction\":[{\"@type\":\"SearchAction\",\"target\":{\"@type\":\"EntryPoint\",\"urlTemplate\":\"https:\/\/www.granderealvillaitalia.realhotelsgroup.com\/pt-pt\/?s={search_term_string}\"},\"query-input\":{\"@type\":\"PropertyValueSpecification\",\"valueRequired\":true,\"valueName\":\"search_term_string\"}}],\"inLanguage\":\"pt-PT\"}]}<\/script>\n<!-- \/ Yoast SEO plugin. -->","yoast_head_json":{"title":"Eventos de Autom\u00f3veis - Grande Real Villa It\u00e1lia Hotel & Spa","robots":{"index":"index","follow":"follow","max-snippet":"max-snippet:-1","max-image-preview":"max-image-preview:large","max-video-preview":"max-video-preview:-1"},"canonical":"https:\/\/www.granderealvillaitalia.realhotelsgroup.com\/pt-pt\/reunioes-e-eventos\/eventos-de-automoveis\/","og_locale":"pt_PT","og_type":"article","og_title":"Eventos de Autom\u00f3veis - Grande Real Villa It\u00e1lia Hotel & Spa","og_description":"O Grande Real Villa It\u00e1lia Hotel &amp; Spa tem a possibilidade de receber e organizar o lan\u00e7amento de autom\u00f3veis ou outros eventos destinados a este produto. Pela disponibilidade e diversidade de espa\u00e7os, pela proximidade de estradas onde \u00e9 poss\u00edvel fazer test-drives, pela paisagem inspiradora, e pela experi\u00eancia que temos em todo o tipo de eventos [&hellip;]","og_url":"https:\/\/www.granderealvillaitalia.realhotelsgroup.com\/pt-pt\/reunioes-e-eventos\/eventos-de-automoveis\/","og_site_name":"Grande Real Villa It\u00e1lia Hotel & Spa","article_modified_time":"2024-12-20T11:56:15+00:00","twitter_card":"summary_large_image","twitter_misc":{"Tempo estimado de leitura":"1 minuto"},"schema":{"@context":"https:\/\/schema.org","@graph":[{"@type":"WebPage","@id":"https:\/\/www.granderealvillaitalia.realhotelsgroup.com\/pt-pt\/reunioes-e-eventos\/eventos-de-automoveis\/","url":"https:\/\/www.granderealvillaitalia.realhotelsgroup.com\/pt-pt\/reunioes-e-eventos\/eventos-de-automoveis\/","name":"Eventos de Autom\u00f3veis - Grande Real Villa It\u00e1lia Hotel & Spa","isPartOf":{"@id":"https:\/\/www.granderealvillaitalia.realhotelsgroup.com\/pt-pt\/#website"},"datePublished":"2020-11-23T09:29:30+00:00","dateModified":"2024-12-20T11:56:15+00:00","breadcrumb":{"@id":"https:\/\/www.granderealvillaitalia.realhotelsgroup.com\/pt-pt\/reunioes-e-eventos\/eventos-de-automoveis\/#breadcrumb"},"inLanguage":"pt-PT","potentialAction":[{"@type":"ReadAction","target":["https:\/\/www.granderealvillaitalia.realhotelsgroup.com\/pt-pt\/reunioes-e-eventos\/eventos-de-automoveis\/"]}]},{"@type":"BreadcrumbList","@id":"https:\/\/www.granderealvillaitalia.realhotelsgroup.com\/pt-pt\/reunioes-e-eventos\/eventos-de-automoveis\/#breadcrumb","itemListElement":[{"@type":"ListItem","position":1,"name":"Home","item":"https:\/\/www.granderealvillaitalia.realhotelsgroup.com\/pt-pt\/"},{"@type":"ListItem","position":2,"name":"Reuni\u00f5es e Eventos","item":"https:\/\/www.granderealvillaitalia.realhotelsgroup.com\/pt-pt\/reunioes-e-eventos\/"},{"@type":"ListItem","position":3,"name":"Eventos de Autom\u00f3veis"}]},{"@type":"WebSite","@id":"https:\/\/www.granderealvillaitalia.realhotelsgroup.com\/pt-pt\/#website","url":"https:\/\/www.granderealvillaitalia.realhotelsgroup.com\/pt-pt\/","name":"Grande Real Villa It\u00e1lia Hotel & Spa","description":"Just another ms.decms.eu site","potentialAction":[{"@type":"SearchAction","target":{"@type":"EntryPoint","urlTemplate":"https:\/\/www.granderealvillaitalia.realhotelsgroup.com\/pt-pt\/?s={search_term_string}"},"query-input":{"@type":"PropertyValueSpecification","valueRequired":true,"valueName":"search_term_string"}}],"inLanguage":"pt-PT"}]}},"acf":[],"_links":{"self":[{"href":"https:\/\/www.granderealvillaitalia.realhotelsgroup.com\/pt-pt\/wp-json\/wp\/v2\/pages\/127","targetHints":{"allow":["GET"]}}],"collection":[{"href":"https:\/\/www.granderealvillaitalia.realhotelsgroup.com\/pt-pt\/wp-json\/wp\/v2\/pages"}],"about":[{"href":"https:\/\/www.granderealvillaitalia.realhotelsgroup.com\/pt-pt\/wp-json\/wp\/v2\/types\/page"}],"author":[{"embeddable":true,"href":"https:\/\/www.granderealvillaitalia.realhotelsgroup.com\/pt-pt\/wp-json\/wp\/v2\/users\/3"}],"replies":[{"embeddable":true,"href":"https:\/\/www.granderealvillaitalia.realhotelsgroup.com\/pt-pt\/wp-json\/wp\/v2\/comments?post=127"}],"version-history":[{"count":0,"href":"https:\/\/www.granderealvillaitalia.realhotelsgroup.com\/pt-pt\/wp-json\/wp\/v2\/pages\/127\/revisions"}],"up":[{"embeddable":true,"href":"https:\/\/www.granderealvillaitalia.realhotelsgroup.com\/pt-pt\/wp-json\/wp\/v2\/pages\/116"}],"wp:attachment":[{"href":"https:\/\/www.granderealvillaitalia.realhotelsgroup.com\/pt-pt\/wp-json\/wp\/v2\/media?parent=127"}],"curies":[{"name":"wp","href":"https:\/\/api.w.org\/{rel}","templated":true}]}}