{"id":42,"date":"2020-11-20T13:22:26","date_gmt":"2020-11-20T13:22:26","guid":{"rendered":"http:\/\/grande-real-villa-italia-hotel-spa.ms.decms.eu\/?page_id=42"},"modified":"2024-10-04T11:33:31","modified_gmt":"2024-10-04T11:33:31","slug":"quartos-e-suites","status":"publish","type":"page","link":"https:\/\/www.granderealvillaitalia.realhotelsgroup.com\/pt-pt\/quartos-e-suites\/","title":{"rendered":"Quartos e Suites"},"content":{"rendered":"<p>Abra a porta e mergulhe num mar de emo\u00e7\u00f5es na antiga casa do Rei Umberto II.<\/p>\n<p>O <strong>Grande Real Villa It\u00e1lia Hotel &amp; Spa<\/strong> disp\u00f5e de um <strong>total de 124 quartos<\/strong>, dos quais s\u00e3o <strong>20 suites<\/strong> e 2 <strong>penthouses<\/strong>. Decorados por uma das mais prestigiadas decoradoras nacionais, <strong>Gra\u00e7a Viterbo<\/strong>, todos os quartos privilegiam uma imponente <strong>vista mar<\/strong> ou <strong>zonas verdes<\/strong>, com a certeza de uma <strong>estadia<\/strong> memor\u00e1vel.<\/p>\n<p>Entre os tons tranquilizantes do <strong>mar portugu\u00eas<\/strong>, e os ambientes quentes de um entardecer, propomos-lhe uma viagem sensorial que o vai transportar para um lugar \u00fanico e exclusivo.<\/p>\n<p>A tonalidade de <strong>m\u00e1rmore azulino de Cascais<\/strong>, utilizado em todos os quartos, remete-nos para a tranquilidade dos extensos areais da regi\u00e3o. A pensar no seu conforto e bem-estar, apost\u00e1mos nos mais altos padr\u00f5es de qualidade.<\/p>\n","protected":false},"excerpt":{"rendered":"<p>Abra a porta e mergulhe num mar de emo\u00e7\u00f5es na antiga casa do Rei Umberto II. O Grande Real Villa It\u00e1lia Hotel &amp; Spa disp\u00f5e de um total de 124 quartos, dos quais s\u00e3o 20 suites e 2 penthouses. Decorados por uma das mais prestigiadas decoradoras nacionais, Gra\u00e7a Viterbo, todos os quartos privilegiam uma imponente [&hellip;]<\/p>\n","protected":false},"author":3,"featured_media":0,"parent":0,"menu_order":20,"comment_status":"closed","ping_status":"closed","template":"template-rooms.php","meta":{"footnotes":""},"class_list":["post-42","page","type-page","status-publish","hentry"],"yoast_head":"<!-- This site is optimized with the Yoast SEO plugin v26.9 - https:\/\/yoast.com\/product\/yoast-seo-wordpress\/ -->\n<title>Quartos e Suites - Grande Real Villa It\u00e1lia Hotel &amp; Spa<\/title>\n<meta name=\"description\" content=\"Descubra a verdadeira experi\u00eancia de luxo nos quartos e suites do Grande Real Villa It\u00e1lia, com vista deslumbrante e um servi\u00e7o excecional.\" \/>\n<meta name=\"robots\" content=\"index, follow, max-snippet:-1, max-image-preview:large, max-video-preview:-1\" \/>\n<link rel=\"canonical\" href=\"https:\/\/www.granderealvillaitalia.realhotelsgroup.com\/pt-pt\/quartos-e-suites\/\" \/>\n<meta property=\"og:locale\" content=\"pt_PT\" \/>\n<meta property=\"og:type\" content=\"article\" \/>\n<meta property=\"og:title\" content=\"Quartos e Suites - Grande Real Villa It\u00e1lia Hotel &amp; Spa\" \/>\n<meta property=\"og:description\" content=\"Descubra a verdadeira experi\u00eancia de luxo nos quartos e suites do Grande Real Villa It\u00e1lia, com vista deslumbrante e um servi\u00e7o excecional.\" \/>\n<meta property=\"og:url\" content=\"https:\/\/www.granderealvillaitalia.realhotelsgroup.com\/pt-pt\/quartos-e-suites\/\" \/>\n<meta property=\"og:site_name\" content=\"Grande Real Villa It\u00e1lia Hotel &amp; Spa\" \/>\n<meta property=\"article:modified_time\" content=\"2024-10-04T11:33:31+00:00\" \/>\n<meta name=\"twitter:card\" content=\"summary_large_image\" \/>\n<meta name=\"twitter:label1\" content=\"Tempo estimado de leitura\" \/>\n\t<meta name=\"twitter:data1\" content=\"1 minuto\" \/>\n<script type=\"application\/ld+json\" class=\"yoast-schema-graph\">{\"@context\":\"https:\/\/schema.org\",\"@graph\":[{\"@type\":\"WebPage\",\"@id\":\"https:\/\/www.granderealvillaitalia.realhotelsgroup.com\/pt-pt\/quartos-e-suites\/\",\"url\":\"https:\/\/www.granderealvillaitalia.realhotelsgroup.com\/pt-pt\/quartos-e-suites\/\",\"name\":\"Quartos e Suites - Grande Real Villa It\u00e1lia Hotel & Spa\",\"isPartOf\":{\"@id\":\"https:\/\/www.granderealvillaitalia.realhotelsgroup.com\/pt-pt\/#website\"},\"datePublished\":\"2020-11-20T13:22:26+00:00\",\"dateModified\":\"2024-10-04T11:33:31+00:00\",\"description\":\"Descubra a verdadeira experi\u00eancia de luxo nos quartos e suites do Grande Real Villa It\u00e1lia, com vista deslumbrante e um servi\u00e7o excecional.\",\"breadcrumb\":{\"@id\":\"https:\/\/www.granderealvillaitalia.realhotelsgroup.com\/pt-pt\/quartos-e-suites\/#breadcrumb\"},\"inLanguage\":\"pt-PT\",\"potentialAction\":[{\"@type\":\"ReadAction\",\"target\":[\"https:\/\/www.granderealvillaitalia.realhotelsgroup.com\/pt-pt\/quartos-e-suites\/\"]}]},{\"@type\":\"BreadcrumbList\",\"@id\":\"https:\/\/www.granderealvillaitalia.realhotelsgroup.com\/pt-pt\/quartos-e-suites\/#breadcrumb\",\"itemListElement\":[{\"@type\":\"ListItem\",\"position\":1,\"name\":\"Home\",\"item\":\"https:\/\/www.granderealvillaitalia.realhotelsgroup.com\/pt-pt\/\"},{\"@type\":\"ListItem\",\"position\":2,\"name\":\"Quartos e Suites\"}]},{\"@type\":\"WebSite\",\"@id\":\"https:\/\/www.granderealvillaitalia.realhotelsgroup.com\/pt-pt\/#website\",\"url\":\"https:\/\/www.granderealvillaitalia.realhotelsgroup.com\/pt-pt\/\",\"name\":\"Grande Real Villa It\u00e1lia Hotel & Spa\",\"description\":\"Just another ms.decms.eu site\",\"potentialAction\":[{\"@type\":\"SearchAction\",\"target\":{\"@type\":\"EntryPoint\",\"urlTemplate\":\"https:\/\/www.granderealvillaitalia.realhotelsgroup.com\/pt-pt\/?s={search_term_string}\"},\"query-input\":{\"@type\":\"PropertyValueSpecification\",\"valueRequired\":true,\"valueName\":\"search_term_string\"}}],\"inLanguage\":\"pt-PT\"}]}<\/script>\n<!-- \/ Yoast SEO plugin. -->","yoast_head_json":{"title":"Quartos e Suites - Grande Real Villa It\u00e1lia Hotel & Spa","description":"Descubra a verdadeira experi\u00eancia de luxo nos quartos e suites do Grande Real Villa It\u00e1lia, com vista deslumbrante e um servi\u00e7o excecional.","robots":{"index":"index","follow":"follow","max-snippet":"max-snippet:-1","max-image-preview":"max-image-preview:large","max-video-preview":"max-video-preview:-1"},"canonical":"https:\/\/www.granderealvillaitalia.realhotelsgroup.com\/pt-pt\/quartos-e-suites\/","og_locale":"pt_PT","og_type":"article","og_title":"Quartos e Suites - Grande Real Villa It\u00e1lia Hotel & Spa","og_description":"Descubra a verdadeira experi\u00eancia de luxo nos quartos e suites do Grande Real Villa It\u00e1lia, com vista deslumbrante e um servi\u00e7o excecional.","og_url":"https:\/\/www.granderealvillaitalia.realhotelsgroup.com\/pt-pt\/quartos-e-suites\/","og_site_name":"Grande Real Villa It\u00e1lia Hotel & Spa","article_modified_time":"2024-10-04T11:33:31+00:00","twitter_card":"summary_large_image","twitter_misc":{"Tempo estimado de leitura":"1 minuto"},"schema":{"@context":"https:\/\/schema.org","@graph":[{"@type":"WebPage","@id":"https:\/\/www.granderealvillaitalia.realhotelsgroup.com\/pt-pt\/quartos-e-suites\/","url":"https:\/\/www.granderealvillaitalia.realhotelsgroup.com\/pt-pt\/quartos-e-suites\/","name":"Quartos e Suites - Grande Real Villa It\u00e1lia Hotel & Spa","isPartOf":{"@id":"https:\/\/www.granderealvillaitalia.realhotelsgroup.com\/pt-pt\/#website"},"datePublished":"2020-11-20T13:22:26+00:00","dateModified":"2024-10-04T11:33:31+00:00","description":"Descubra a verdadeira experi\u00eancia de luxo nos quartos e suites do Grande Real Villa It\u00e1lia, com vista deslumbrante e um servi\u00e7o excecional.","breadcrumb":{"@id":"https:\/\/www.granderealvillaitalia.realhotelsgroup.com\/pt-pt\/quartos-e-suites\/#breadcrumb"},"inLanguage":"pt-PT","potentialAction":[{"@type":"ReadAction","target":["https:\/\/www.granderealvillaitalia.realhotelsgroup.com\/pt-pt\/quartos-e-suites\/"]}]},{"@type":"BreadcrumbList","@id":"https:\/\/www.granderealvillaitalia.realhotelsgroup.com\/pt-pt\/quartos-e-suites\/#breadcrumb","itemListElement":[{"@type":"ListItem","position":1,"name":"Home","item":"https:\/\/www.granderealvillaitalia.realhotelsgroup.com\/pt-pt\/"},{"@type":"ListItem","position":2,"name":"Quartos e Suites"}]},{"@type":"WebSite","@id":"https:\/\/www.granderealvillaitalia.realhotelsgroup.com\/pt-pt\/#website","url":"https:\/\/www.granderealvillaitalia.realhotelsgroup.com\/pt-pt\/","name":"Grande Real Villa It\u00e1lia Hotel & Spa","description":"Just another ms.decms.eu site","potentialAction":[{"@type":"SearchAction","target":{"@type":"EntryPoint","urlTemplate":"https:\/\/www.granderealvillaitalia.realhotelsgroup.com\/pt-pt\/?s={search_term_string}"},"query-input":{"@type":"PropertyValueSpecification","valueRequired":true,"valueName":"search_term_string"}}],"inLanguage":"pt-PT"}]}},"acf":[],"_links":{"self":[{"href":"https:\/\/www.granderealvillaitalia.realhotelsgroup.com\/pt-pt\/wp-json\/wp\/v2\/pages\/42","targetHints":{"allow":["GET"]}}],"collection":[{"href":"https:\/\/www.granderealvillaitalia.realhotelsgroup.com\/pt-pt\/wp-json\/wp\/v2\/pages"}],"about":[{"href":"https:\/\/www.granderealvillaitalia.realhotelsgroup.com\/pt-pt\/wp-json\/wp\/v2\/types\/page"}],"author":[{"embeddable":true,"href":"https:\/\/www.granderealvillaitalia.realhotelsgroup.com\/pt-pt\/wp-json\/wp\/v2\/users\/3"}],"replies":[{"embeddable":true,"href":"https:\/\/www.granderealvillaitalia.realhotelsgroup.com\/pt-pt\/wp-json\/wp\/v2\/comments?post=42"}],"version-history":[{"count":0,"href":"https:\/\/www.granderealvillaitalia.realhotelsgroup.com\/pt-pt\/wp-json\/wp\/v2\/pages\/42\/revisions"}],"wp:attachment":[{"href":"https:\/\/www.granderealvillaitalia.realhotelsgroup.com\/pt-pt\/wp-json\/wp\/v2\/media?parent=42"}],"curies":[{"name":"wp","href":"https:\/\/api.w.org\/{rel}","templated":true}]}}