{"id":58,"date":"2020-11-20T14:01:56","date_gmt":"2020-11-20T14:01:56","guid":{"rendered":"http:\/\/grande-real-villa-italia-hotel-spa.ms.decms.eu\/?page_id=58"},"modified":"2025-06-09T08:28:57","modified_gmt":"2025-06-09T08:28:57","slug":"quartos-seaview-retreat-com-vista-mar","status":"publish","type":"page","link":"https:\/\/www.granderealvillaitalia.realhotelsgroup.com\/pt-pt\/quartos-e-suites\/quartos-seaview-retreat-com-vista-mar\/","title":{"rendered":"Quartos Seaview Retreat com vista mar"},"content":{"rendered":"<p>S\u00e3o 35 os <strong>quartos Seaview Retreat<\/strong> do <strong>Grande Real Villa It\u00e1lia Hotel &amp; Spa<\/strong>. Distinguem-se pela suas <strong>\u00e1reas generosas<\/strong> e uma decora\u00e7\u00e3o inspirada na serenidade dos tons azuis que transmite tranquilidade.<\/p>\n<p>S\u00e3o quartos luxuosos, com <strong>varanda<\/strong> e cadeiras para aproveitar os finais de tarde a ler um livro com uma vista expl\u00eandida para o mar.<\/p>\n<p>Estes quartos est\u00e3o equipados com <strong>televis\u00e3o LCD<\/strong>, acesso \u00e0 <strong>internet Wi-Fi gratuita<\/strong> e <strong>casas de banho<\/strong> imponentes com <strong>banheira<\/strong> e <strong>duche<\/strong>.<\/p>\n<p>Aproveite os finais de tarde na <strong>varanda<\/strong> e uma soberba vista mar.<\/p>\n<p>Reserve o seu <strong>alojamento em Cascais<\/strong> num <strong>luxuoso hotel 5 estrelas<\/strong>.<\/p>\n","protected":false},"excerpt":{"rendered":"<p>S\u00e3o 35 os quartos Seaview Retreat do Grande Real Villa It\u00e1lia Hotel &amp; Spa. Distinguem-se pela suas \u00e1reas generosas e uma decora\u00e7\u00e3o inspirada na serenidade dos tons azuis que transmite tranquilidade. S\u00e3o quartos luxuosos, com varanda e cadeiras para aproveitar os finais de tarde a ler um livro com uma vista expl\u00eandida para o mar. [&hellip;]<\/p>\n","protected":false},"author":3,"featured_media":0,"parent":42,"menu_order":60,"comment_status":"closed","ping_status":"closed","template":"template-room.php","meta":{"footnotes":""},"class_list":["post-58","page","type-page","status-publish","hentry"],"yoast_head":"<!-- This site is optimized with the Yoast SEO plugin v26.9 - https:\/\/yoast.com\/product\/yoast-seo-wordpress\/ -->\n<title>Quartos Seaview Retreat com vista mar - Grande Real Villa It\u00e1lia Hotel &amp; Spa<\/title>\n<meta name=\"robots\" content=\"index, follow, max-snippet:-1, max-image-preview:large, max-video-preview:-1\" \/>\n<link rel=\"canonical\" href=\"https:\/\/www.granderealvillaitalia.realhotelsgroup.com\/pt-pt\/quartos-e-suites\/quartos-seaview-retreat-com-vista-mar\/\" \/>\n<meta property=\"og:locale\" content=\"pt_PT\" \/>\n<meta property=\"og:type\" content=\"article\" \/>\n<meta property=\"og:title\" content=\"Quartos Seaview Retreat com vista mar - Grande Real Villa It\u00e1lia Hotel &amp; Spa\" \/>\n<meta property=\"og:description\" content=\"S\u00e3o 35 os quartos Seaview Retreat do Grande Real Villa It\u00e1lia Hotel &amp; Spa. Distinguem-se pela suas \u00e1reas generosas e uma decora\u00e7\u00e3o inspirada na serenidade dos tons azuis que transmite tranquilidade. S\u00e3o quartos luxuosos, com varanda e cadeiras para aproveitar os finais de tarde a ler um livro com uma vista expl\u00eandida para o mar. [&hellip;]\" \/>\n<meta property=\"og:url\" content=\"https:\/\/www.granderealvillaitalia.realhotelsgroup.com\/pt-pt\/quartos-e-suites\/quartos-seaview-retreat-com-vista-mar\/\" \/>\n<meta property=\"og:site_name\" content=\"Grande Real Villa It\u00e1lia Hotel &amp; Spa\" \/>\n<meta property=\"article:modified_time\" content=\"2025-06-09T08:28:57+00:00\" \/>\n<meta name=\"twitter:card\" content=\"summary_large_image\" \/>\n<meta name=\"twitter:label1\" content=\"Tempo estimado de leitura\" \/>\n\t<meta name=\"twitter:data1\" content=\"1 minuto\" \/>\n<script type=\"application\/ld+json\" class=\"yoast-schema-graph\">{\"@context\":\"https:\/\/schema.org\",\"@graph\":[{\"@type\":\"WebPage\",\"@id\":\"https:\/\/www.granderealvillaitalia.realhotelsgroup.com\/pt-pt\/quartos-e-suites\/quartos-seaview-retreat-com-vista-mar\/\",\"url\":\"https:\/\/www.granderealvillaitalia.realhotelsgroup.com\/pt-pt\/quartos-e-suites\/quartos-seaview-retreat-com-vista-mar\/\",\"name\":\"Quartos Seaview Retreat com vista mar - Grande Real Villa It\u00e1lia Hotel & Spa\",\"isPartOf\":{\"@id\":\"https:\/\/www.granderealvillaitalia.realhotelsgroup.com\/pt-pt\/#website\"},\"datePublished\":\"2020-11-20T14:01:56+00:00\",\"dateModified\":\"2025-06-09T08:28:57+00:00\",\"breadcrumb\":{\"@id\":\"https:\/\/www.granderealvillaitalia.realhotelsgroup.com\/pt-pt\/quartos-e-suites\/quartos-seaview-retreat-com-vista-mar\/#breadcrumb\"},\"inLanguage\":\"pt-PT\",\"potentialAction\":[{\"@type\":\"ReadAction\",\"target\":[\"https:\/\/www.granderealvillaitalia.realhotelsgroup.com\/pt-pt\/quartos-e-suites\/quartos-seaview-retreat-com-vista-mar\/\"]}]},{\"@type\":\"BreadcrumbList\",\"@id\":\"https:\/\/www.granderealvillaitalia.realhotelsgroup.com\/pt-pt\/quartos-e-suites\/quartos-seaview-retreat-com-vista-mar\/#breadcrumb\",\"itemListElement\":[{\"@type\":\"ListItem\",\"position\":1,\"name\":\"Home\",\"item\":\"https:\/\/www.granderealvillaitalia.realhotelsgroup.com\/pt-pt\/\"},{\"@type\":\"ListItem\",\"position\":2,\"name\":\"Quartos e Suites\",\"item\":\"https:\/\/www.granderealvillaitalia.realhotelsgroup.com\/pt-pt\/quartos-e-suites\/\"},{\"@type\":\"ListItem\",\"position\":3,\"name\":\"Quartos Seaview Retreat com vista mar\"}]},{\"@type\":\"WebSite\",\"@id\":\"https:\/\/www.granderealvillaitalia.realhotelsgroup.com\/pt-pt\/#website\",\"url\":\"https:\/\/www.granderealvillaitalia.realhotelsgroup.com\/pt-pt\/\",\"name\":\"Grande Real Villa It\u00e1lia Hotel & Spa\",\"description\":\"Just another ms.decms.eu site\",\"potentialAction\":[{\"@type\":\"SearchAction\",\"target\":{\"@type\":\"EntryPoint\",\"urlTemplate\":\"https:\/\/www.granderealvillaitalia.realhotelsgroup.com\/pt-pt\/?s={search_term_string}\"},\"query-input\":{\"@type\":\"PropertyValueSpecification\",\"valueRequired\":true,\"valueName\":\"search_term_string\"}}],\"inLanguage\":\"pt-PT\"}]}<\/script>\n<!-- \/ Yoast SEO plugin. -->","yoast_head_json":{"title":"Quartos Seaview Retreat com vista mar - Grande Real Villa It\u00e1lia Hotel & Spa","robots":{"index":"index","follow":"follow","max-snippet":"max-snippet:-1","max-image-preview":"max-image-preview:large","max-video-preview":"max-video-preview:-1"},"canonical":"https:\/\/www.granderealvillaitalia.realhotelsgroup.com\/pt-pt\/quartos-e-suites\/quartos-seaview-retreat-com-vista-mar\/","og_locale":"pt_PT","og_type":"article","og_title":"Quartos Seaview Retreat com vista mar - Grande Real Villa It\u00e1lia Hotel & Spa","og_description":"S\u00e3o 35 os quartos Seaview Retreat do Grande Real Villa It\u00e1lia Hotel &amp; Spa. Distinguem-se pela suas \u00e1reas generosas e uma decora\u00e7\u00e3o inspirada na serenidade dos tons azuis que transmite tranquilidade. S\u00e3o quartos luxuosos, com varanda e cadeiras para aproveitar os finais de tarde a ler um livro com uma vista expl\u00eandida para o mar. [&hellip;]","og_url":"https:\/\/www.granderealvillaitalia.realhotelsgroup.com\/pt-pt\/quartos-e-suites\/quartos-seaview-retreat-com-vista-mar\/","og_site_name":"Grande Real Villa It\u00e1lia Hotel & Spa","article_modified_time":"2025-06-09T08:28:57+00:00","twitter_card":"summary_large_image","twitter_misc":{"Tempo estimado de leitura":"1 minuto"},"schema":{"@context":"https:\/\/schema.org","@graph":[{"@type":"WebPage","@id":"https:\/\/www.granderealvillaitalia.realhotelsgroup.com\/pt-pt\/quartos-e-suites\/quartos-seaview-retreat-com-vista-mar\/","url":"https:\/\/www.granderealvillaitalia.realhotelsgroup.com\/pt-pt\/quartos-e-suites\/quartos-seaview-retreat-com-vista-mar\/","name":"Quartos Seaview Retreat com vista mar - Grande Real Villa It\u00e1lia Hotel & Spa","isPartOf":{"@id":"https:\/\/www.granderealvillaitalia.realhotelsgroup.com\/pt-pt\/#website"},"datePublished":"2020-11-20T14:01:56+00:00","dateModified":"2025-06-09T08:28:57+00:00","breadcrumb":{"@id":"https:\/\/www.granderealvillaitalia.realhotelsgroup.com\/pt-pt\/quartos-e-suites\/quartos-seaview-retreat-com-vista-mar\/#breadcrumb"},"inLanguage":"pt-PT","potentialAction":[{"@type":"ReadAction","target":["https:\/\/www.granderealvillaitalia.realhotelsgroup.com\/pt-pt\/quartos-e-suites\/quartos-seaview-retreat-com-vista-mar\/"]}]},{"@type":"BreadcrumbList","@id":"https:\/\/www.granderealvillaitalia.realhotelsgroup.com\/pt-pt\/quartos-e-suites\/quartos-seaview-retreat-com-vista-mar\/#breadcrumb","itemListElement":[{"@type":"ListItem","position":1,"name":"Home","item":"https:\/\/www.granderealvillaitalia.realhotelsgroup.com\/pt-pt\/"},{"@type":"ListItem","position":2,"name":"Quartos e Suites","item":"https:\/\/www.granderealvillaitalia.realhotelsgroup.com\/pt-pt\/quartos-e-suites\/"},{"@type":"ListItem","position":3,"name":"Quartos Seaview Retreat com vista mar"}]},{"@type":"WebSite","@id":"https:\/\/www.granderealvillaitalia.realhotelsgroup.com\/pt-pt\/#website","url":"https:\/\/www.granderealvillaitalia.realhotelsgroup.com\/pt-pt\/","name":"Grande Real Villa It\u00e1lia Hotel & Spa","description":"Just another ms.decms.eu site","potentialAction":[{"@type":"SearchAction","target":{"@type":"EntryPoint","urlTemplate":"https:\/\/www.granderealvillaitalia.realhotelsgroup.com\/pt-pt\/?s={search_term_string}"},"query-input":{"@type":"PropertyValueSpecification","valueRequired":true,"valueName":"search_term_string"}}],"inLanguage":"pt-PT"}]}},"acf":[],"_links":{"self":[{"href":"https:\/\/www.granderealvillaitalia.realhotelsgroup.com\/pt-pt\/wp-json\/wp\/v2\/pages\/58","targetHints":{"allow":["GET"]}}],"collection":[{"href":"https:\/\/www.granderealvillaitalia.realhotelsgroup.com\/pt-pt\/wp-json\/wp\/v2\/pages"}],"about":[{"href":"https:\/\/www.granderealvillaitalia.realhotelsgroup.com\/pt-pt\/wp-json\/wp\/v2\/types\/page"}],"author":[{"embeddable":true,"href":"https:\/\/www.granderealvillaitalia.realhotelsgroup.com\/pt-pt\/wp-json\/wp\/v2\/users\/3"}],"replies":[{"embeddable":true,"href":"https:\/\/www.granderealvillaitalia.realhotelsgroup.com\/pt-pt\/wp-json\/wp\/v2\/comments?post=58"}],"version-history":[{"count":0,"href":"https:\/\/www.granderealvillaitalia.realhotelsgroup.com\/pt-pt\/wp-json\/wp\/v2\/pages\/58\/revisions"}],"up":[{"embeddable":true,"href":"https:\/\/www.granderealvillaitalia.realhotelsgroup.com\/pt-pt\/wp-json\/wp\/v2\/pages\/42"}],"wp:attachment":[{"href":"https:\/\/www.granderealvillaitalia.realhotelsgroup.com\/pt-pt\/wp-json\/wp\/v2\/media?parent=58"}],"curies":[{"name":"wp","href":"https:\/\/api.w.org\/{rel}","templated":true}]}}