{"id":64,"date":"2020-11-20T14:25:35","date_gmt":"2020-11-20T14:25:35","guid":{"rendered":"http:\/\/grande-real-villa-italia-hotel-spa.ms.decms.eu\/?page_id=64"},"modified":"2025-06-09T08:27:15","modified_gmt":"2025-06-09T08:27:15","slug":"premium-suite-com-vista-mar","status":"publish","type":"page","link":"https:\/\/www.granderealvillaitalia.realhotelsgroup.com\/pt-pt\/quartos-e-suites\/premium-suite-com-vista-mar\/","title":{"rendered":"Premium Suite com vista Mar"},"content":{"rendered":"<p>O <strong>Grande Real Villa It\u00e1lia Hotel &amp; Spa<\/strong> tem uma suite de luxo exclusiva com \u00e1reas generosas e uma ambiente acolhedor.<\/p>\n<p>\u00c9 composta por 2 \u00e1reas distinstas, quarto e sala e caracteriza-se pela perdomin\u00e2ncia dos tons quentes, ocre e bordeaux. Esta suite distingue-se pela sua varanda com uma soberba vista mar.<\/p>\n<p>Est\u00e1 equipada com <strong>televis\u00f5es LCD<\/strong>, acesso \u00e0 <strong>internet Wi-Fi gratuita<\/strong> e <strong>casa de banho equipada com banheira e duche<\/strong>.<\/p>\n<p>Visite <strong>Cascais<\/strong> e reserve a sua <strong>estadia<\/strong> numa <strong>suite premium<\/strong> neste <strong>hotel 5 estrelas<\/strong>.<\/p>\n","protected":false},"excerpt":{"rendered":"<p>O Grande Real Villa It\u00e1lia Hotel &amp; Spa tem uma suite de luxo exclusiva com \u00e1reas generosas e uma ambiente acolhedor. \u00c9 composta por 2 \u00e1reas distinstas, quarto e sala e caracteriza-se pela perdomin\u00e2ncia dos tons quentes, ocre e bordeaux. Esta suite distingue-se pela sua varanda com uma soberba vista mar. Est\u00e1 equipada com televis\u00f5es [&hellip;]<\/p>\n","protected":false},"author":3,"featured_media":0,"parent":42,"menu_order":40,"comment_status":"closed","ping_status":"closed","template":"template-room.php","meta":{"footnotes":""},"class_list":["post-64","page","type-page","status-publish","hentry"],"yoast_head":"<!-- This site is optimized with the Yoast SEO plugin v26.9 - https:\/\/yoast.com\/product\/yoast-seo-wordpress\/ -->\n<title>Premium Suite com vista Mar - Grande Real Villa It\u00e1lia Hotel &amp; Spa<\/title>\n<meta name=\"robots\" content=\"index, follow, max-snippet:-1, max-image-preview:large, max-video-preview:-1\" \/>\n<link rel=\"canonical\" href=\"https:\/\/www.granderealvillaitalia.realhotelsgroup.com\/pt-pt\/quartos-e-suites\/premium-suite-com-vista-mar\/\" \/>\n<meta property=\"og:locale\" content=\"pt_PT\" \/>\n<meta property=\"og:type\" content=\"article\" \/>\n<meta property=\"og:title\" content=\"Premium Suite com vista Mar - Grande Real Villa It\u00e1lia Hotel &amp; Spa\" \/>\n<meta property=\"og:description\" content=\"O Grande Real Villa It\u00e1lia Hotel &amp; Spa tem uma suite de luxo exclusiva com \u00e1reas generosas e uma ambiente acolhedor. \u00c9 composta por 2 \u00e1reas distinstas, quarto e sala e caracteriza-se pela perdomin\u00e2ncia dos tons quentes, ocre e bordeaux. Esta suite distingue-se pela sua varanda com uma soberba vista mar. Est\u00e1 equipada com televis\u00f5es [&hellip;]\" \/>\n<meta property=\"og:url\" content=\"https:\/\/www.granderealvillaitalia.realhotelsgroup.com\/pt-pt\/quartos-e-suites\/premium-suite-com-vista-mar\/\" \/>\n<meta property=\"og:site_name\" content=\"Grande Real Villa It\u00e1lia Hotel &amp; Spa\" \/>\n<meta property=\"article:modified_time\" content=\"2025-06-09T08:27:15+00:00\" \/>\n<meta name=\"twitter:card\" content=\"summary_large_image\" \/>\n<meta name=\"twitter:label1\" content=\"Tempo estimado de leitura\" \/>\n\t<meta name=\"twitter:data1\" content=\"1 minuto\" \/>\n<script type=\"application\/ld+json\" class=\"yoast-schema-graph\">{\"@context\":\"https:\/\/schema.org\",\"@graph\":[{\"@type\":\"WebPage\",\"@id\":\"https:\/\/www.granderealvillaitalia.realhotelsgroup.com\/pt-pt\/quartos-e-suites\/premium-suite-com-vista-mar\/\",\"url\":\"https:\/\/www.granderealvillaitalia.realhotelsgroup.com\/pt-pt\/quartos-e-suites\/premium-suite-com-vista-mar\/\",\"name\":\"Premium Suite com vista Mar - Grande Real Villa It\u00e1lia Hotel & Spa\",\"isPartOf\":{\"@id\":\"https:\/\/www.granderealvillaitalia.realhotelsgroup.com\/pt-pt\/#website\"},\"datePublished\":\"2020-11-20T14:25:35+00:00\",\"dateModified\":\"2025-06-09T08:27:15+00:00\",\"breadcrumb\":{\"@id\":\"https:\/\/www.granderealvillaitalia.realhotelsgroup.com\/pt-pt\/quartos-e-suites\/premium-suite-com-vista-mar\/#breadcrumb\"},\"inLanguage\":\"pt-PT\",\"potentialAction\":[{\"@type\":\"ReadAction\",\"target\":[\"https:\/\/www.granderealvillaitalia.realhotelsgroup.com\/pt-pt\/quartos-e-suites\/premium-suite-com-vista-mar\/\"]}]},{\"@type\":\"BreadcrumbList\",\"@id\":\"https:\/\/www.granderealvillaitalia.realhotelsgroup.com\/pt-pt\/quartos-e-suites\/premium-suite-com-vista-mar\/#breadcrumb\",\"itemListElement\":[{\"@type\":\"ListItem\",\"position\":1,\"name\":\"Home\",\"item\":\"https:\/\/www.granderealvillaitalia.realhotelsgroup.com\/pt-pt\/\"},{\"@type\":\"ListItem\",\"position\":2,\"name\":\"Quartos e Suites\",\"item\":\"https:\/\/www.granderealvillaitalia.realhotelsgroup.com\/pt-pt\/quartos-e-suites\/\"},{\"@type\":\"ListItem\",\"position\":3,\"name\":\"Premium Suite com vista Mar\"}]},{\"@type\":\"WebSite\",\"@id\":\"https:\/\/www.granderealvillaitalia.realhotelsgroup.com\/pt-pt\/#website\",\"url\":\"https:\/\/www.granderealvillaitalia.realhotelsgroup.com\/pt-pt\/\",\"name\":\"Grande Real Villa It\u00e1lia Hotel & Spa\",\"description\":\"Just another ms.decms.eu site\",\"potentialAction\":[{\"@type\":\"SearchAction\",\"target\":{\"@type\":\"EntryPoint\",\"urlTemplate\":\"https:\/\/www.granderealvillaitalia.realhotelsgroup.com\/pt-pt\/?s={search_term_string}\"},\"query-input\":{\"@type\":\"PropertyValueSpecification\",\"valueRequired\":true,\"valueName\":\"search_term_string\"}}],\"inLanguage\":\"pt-PT\"}]}<\/script>\n<!-- \/ Yoast SEO plugin. -->","yoast_head_json":{"title":"Premium Suite com vista Mar - Grande Real Villa It\u00e1lia Hotel & Spa","robots":{"index":"index","follow":"follow","max-snippet":"max-snippet:-1","max-image-preview":"max-image-preview:large","max-video-preview":"max-video-preview:-1"},"canonical":"https:\/\/www.granderealvillaitalia.realhotelsgroup.com\/pt-pt\/quartos-e-suites\/premium-suite-com-vista-mar\/","og_locale":"pt_PT","og_type":"article","og_title":"Premium Suite com vista Mar - Grande Real Villa It\u00e1lia Hotel & Spa","og_description":"O Grande Real Villa It\u00e1lia Hotel &amp; Spa tem uma suite de luxo exclusiva com \u00e1reas generosas e uma ambiente acolhedor. \u00c9 composta por 2 \u00e1reas distinstas, quarto e sala e caracteriza-se pela perdomin\u00e2ncia dos tons quentes, ocre e bordeaux. Esta suite distingue-se pela sua varanda com uma soberba vista mar. Est\u00e1 equipada com televis\u00f5es [&hellip;]","og_url":"https:\/\/www.granderealvillaitalia.realhotelsgroup.com\/pt-pt\/quartos-e-suites\/premium-suite-com-vista-mar\/","og_site_name":"Grande Real Villa It\u00e1lia Hotel & Spa","article_modified_time":"2025-06-09T08:27:15+00:00","twitter_card":"summary_large_image","twitter_misc":{"Tempo estimado de leitura":"1 minuto"},"schema":{"@context":"https:\/\/schema.org","@graph":[{"@type":"WebPage","@id":"https:\/\/www.granderealvillaitalia.realhotelsgroup.com\/pt-pt\/quartos-e-suites\/premium-suite-com-vista-mar\/","url":"https:\/\/www.granderealvillaitalia.realhotelsgroup.com\/pt-pt\/quartos-e-suites\/premium-suite-com-vista-mar\/","name":"Premium Suite com vista Mar - Grande Real Villa It\u00e1lia Hotel & Spa","isPartOf":{"@id":"https:\/\/www.granderealvillaitalia.realhotelsgroup.com\/pt-pt\/#website"},"datePublished":"2020-11-20T14:25:35+00:00","dateModified":"2025-06-09T08:27:15+00:00","breadcrumb":{"@id":"https:\/\/www.granderealvillaitalia.realhotelsgroup.com\/pt-pt\/quartos-e-suites\/premium-suite-com-vista-mar\/#breadcrumb"},"inLanguage":"pt-PT","potentialAction":[{"@type":"ReadAction","target":["https:\/\/www.granderealvillaitalia.realhotelsgroup.com\/pt-pt\/quartos-e-suites\/premium-suite-com-vista-mar\/"]}]},{"@type":"BreadcrumbList","@id":"https:\/\/www.granderealvillaitalia.realhotelsgroup.com\/pt-pt\/quartos-e-suites\/premium-suite-com-vista-mar\/#breadcrumb","itemListElement":[{"@type":"ListItem","position":1,"name":"Home","item":"https:\/\/www.granderealvillaitalia.realhotelsgroup.com\/pt-pt\/"},{"@type":"ListItem","position":2,"name":"Quartos e Suites","item":"https:\/\/www.granderealvillaitalia.realhotelsgroup.com\/pt-pt\/quartos-e-suites\/"},{"@type":"ListItem","position":3,"name":"Premium Suite com vista Mar"}]},{"@type":"WebSite","@id":"https:\/\/www.granderealvillaitalia.realhotelsgroup.com\/pt-pt\/#website","url":"https:\/\/www.granderealvillaitalia.realhotelsgroup.com\/pt-pt\/","name":"Grande Real Villa It\u00e1lia Hotel & Spa","description":"Just another ms.decms.eu site","potentialAction":[{"@type":"SearchAction","target":{"@type":"EntryPoint","urlTemplate":"https:\/\/www.granderealvillaitalia.realhotelsgroup.com\/pt-pt\/?s={search_term_string}"},"query-input":{"@type":"PropertyValueSpecification","valueRequired":true,"valueName":"search_term_string"}}],"inLanguage":"pt-PT"}]}},"acf":[],"_links":{"self":[{"href":"https:\/\/www.granderealvillaitalia.realhotelsgroup.com\/pt-pt\/wp-json\/wp\/v2\/pages\/64","targetHints":{"allow":["GET"]}}],"collection":[{"href":"https:\/\/www.granderealvillaitalia.realhotelsgroup.com\/pt-pt\/wp-json\/wp\/v2\/pages"}],"about":[{"href":"https:\/\/www.granderealvillaitalia.realhotelsgroup.com\/pt-pt\/wp-json\/wp\/v2\/types\/page"}],"author":[{"embeddable":true,"href":"https:\/\/www.granderealvillaitalia.realhotelsgroup.com\/pt-pt\/wp-json\/wp\/v2\/users\/3"}],"replies":[{"embeddable":true,"href":"https:\/\/www.granderealvillaitalia.realhotelsgroup.com\/pt-pt\/wp-json\/wp\/v2\/comments?post=64"}],"version-history":[{"count":0,"href":"https:\/\/www.granderealvillaitalia.realhotelsgroup.com\/pt-pt\/wp-json\/wp\/v2\/pages\/64\/revisions"}],"up":[{"embeddable":true,"href":"https:\/\/www.granderealvillaitalia.realhotelsgroup.com\/pt-pt\/wp-json\/wp\/v2\/pages\/42"}],"wp:attachment":[{"href":"https:\/\/www.granderealvillaitalia.realhotelsgroup.com\/pt-pt\/wp-json\/wp\/v2\/media?parent=64"}],"curies":[{"name":"wp","href":"https:\/\/api.w.org\/{rel}","templated":true}]}}