{"id":72,"date":"2020-11-20T14:55:32","date_gmt":"2020-11-20T14:55:32","guid":{"rendered":"http:\/\/grande-real-villa-italia-hotel-spa.ms.decms.eu\/?page_id=72"},"modified":"2025-06-11T07:01:16","modified_gmt":"2025-06-11T07:01:16","slug":"penthouse-majestic-suite","status":"publish","type":"page","link":"https:\/\/www.granderealvillaitalia.realhotelsgroup.com\/pt-pt\/quartos-e-suites\/penthouse-majestic-suite\/","title":{"rendered":"Majestic Penthouse"},"content":{"rendered":"<p style=\"text-align: center\">Fique na penthouse mais luxuosa de Cascais: a <strong>Majestic Penthouse<\/strong>, com vista deslumbrante sobre o mar de Cascais.<\/p>\n<p style=\"text-align: center\">Descubra o seu quarto duplo, quarto twin, majestosa sala de estar que se estende at\u00e9 \u00e0 sala de jantar, jacuzzi com vista direta para o mar e o seu terra\u00e7o e varanda, onde poder\u00e1 desfrutar de uma pequena piscina em total privacidade.<\/p>\n<p style=\"text-align: center\">Cada espa\u00e7o tem um estilo pr\u00f3prio desenhado por Gra\u00e7a Viterbo, resultando em 164m\u00b2 de puro luxo, fus\u00e3o do contempor\u00e2neo e do cl\u00e1ssico, com elementos que nos remetem para a cultura oriental, no topo do Grande Real Villa It\u00e1lia Hotel &amp; Spa &#8211; com a melhor vista do hotel.<\/p>\n<p style=\"text-align: center\">Fa\u00e7a a sua estadia na <strong>Majestic Penthouse <\/strong>e tenha<strong> uma experi\u00eancia inesquec\u00edvel em Cascais.<br \/>\n<\/strong><span style=\"color: #808080\"><span style=\"font-size: small\">[ * Ao reservar a Majestic Penthouse tem acesso a ofertas exclusivas nos servi\u00e7os de quartos ]<\/span><\/span><\/p>\n","protected":false},"excerpt":{"rendered":"<p>Fique na penthouse mais luxuosa de Cascais: a Majestic Penthouse, com vista deslumbrante sobre o mar de Cascais. Descubra o seu quarto duplo, quarto twin, majestosa sala de estar que se estende at\u00e9 \u00e0 sala de jantar, jacuzzi com vista direta para o mar e o seu terra\u00e7o e varanda, onde poder\u00e1 desfrutar de uma [&hellip;]<\/p>\n","protected":false},"author":3,"featured_media":0,"parent":42,"menu_order":10,"comment_status":"closed","ping_status":"closed","template":"template-room.php","meta":{"footnotes":""},"class_list":["post-72","page","type-page","status-publish","hentry"],"yoast_head":"<!-- This site is optimized with the Yoast SEO plugin v26.9 - https:\/\/yoast.com\/product\/yoast-seo-wordpress\/ -->\n<title>Majestic Penthouse - Grande Real Villa It\u00e1lia Hotel &amp; Spa<\/title>\n<meta name=\"description\" content=\"Fique na penthouse mais luxuosa de Cascais: a Majestic Penthouse, com vista deslumbrante sobre o mar de Cascais.\" \/>\n<meta name=\"robots\" content=\"index, follow, max-snippet:-1, max-image-preview:large, max-video-preview:-1\" \/>\n<link rel=\"canonical\" href=\"https:\/\/www.granderealvillaitalia.realhotelsgroup.com\/pt-pt\/quartos-e-suites\/penthouse-majestic-suite\/\" \/>\n<meta property=\"og:locale\" content=\"pt_PT\" \/>\n<meta property=\"og:type\" content=\"article\" \/>\n<meta property=\"og:title\" content=\"Majestic Penthouse - Grande Real Villa It\u00e1lia Hotel &amp; Spa\" \/>\n<meta property=\"og:description\" content=\"Fique na penthouse mais luxuosa de Cascais: a Majestic Penthouse, com vista deslumbrante sobre o mar de Cascais.\" \/>\n<meta property=\"og:url\" content=\"https:\/\/www.granderealvillaitalia.realhotelsgroup.com\/pt-pt\/quartos-e-suites\/penthouse-majestic-suite\/\" \/>\n<meta property=\"og:site_name\" content=\"Grande Real Villa It\u00e1lia Hotel &amp; Spa\" \/>\n<meta property=\"article:modified_time\" content=\"2025-06-11T07:01:16+00:00\" \/>\n<meta name=\"twitter:card\" content=\"summary_large_image\" \/>\n<meta name=\"twitter:label1\" content=\"Tempo estimado de leitura\" \/>\n\t<meta name=\"twitter:data1\" content=\"1 minuto\" \/>\n<script type=\"application\/ld+json\" class=\"yoast-schema-graph\">{\"@context\":\"https:\/\/schema.org\",\"@graph\":[{\"@type\":\"WebPage\",\"@id\":\"https:\/\/www.granderealvillaitalia.realhotelsgroup.com\/pt-pt\/quartos-e-suites\/penthouse-majestic-suite\/\",\"url\":\"https:\/\/www.granderealvillaitalia.realhotelsgroup.com\/pt-pt\/quartos-e-suites\/penthouse-majestic-suite\/\",\"name\":\"Majestic Penthouse - Grande Real Villa It\u00e1lia Hotel & Spa\",\"isPartOf\":{\"@id\":\"https:\/\/www.granderealvillaitalia.realhotelsgroup.com\/pt-pt\/#website\"},\"datePublished\":\"2020-11-20T14:55:32+00:00\",\"dateModified\":\"2025-06-11T07:01:16+00:00\",\"description\":\"Fique na penthouse mais luxuosa de Cascais: a Majestic Penthouse, com vista deslumbrante sobre o mar de Cascais.\",\"breadcrumb\":{\"@id\":\"https:\/\/www.granderealvillaitalia.realhotelsgroup.com\/pt-pt\/quartos-e-suites\/penthouse-majestic-suite\/#breadcrumb\"},\"inLanguage\":\"pt-PT\",\"potentialAction\":[{\"@type\":\"ReadAction\",\"target\":[\"https:\/\/www.granderealvillaitalia.realhotelsgroup.com\/pt-pt\/quartos-e-suites\/penthouse-majestic-suite\/\"]}]},{\"@type\":\"BreadcrumbList\",\"@id\":\"https:\/\/www.granderealvillaitalia.realhotelsgroup.com\/pt-pt\/quartos-e-suites\/penthouse-majestic-suite\/#breadcrumb\",\"itemListElement\":[{\"@type\":\"ListItem\",\"position\":1,\"name\":\"Home\",\"item\":\"https:\/\/www.granderealvillaitalia.realhotelsgroup.com\/pt-pt\/\"},{\"@type\":\"ListItem\",\"position\":2,\"name\":\"Quartos e Suites\",\"item\":\"https:\/\/www.granderealvillaitalia.realhotelsgroup.com\/pt-pt\/quartos-e-suites\/\"},{\"@type\":\"ListItem\",\"position\":3,\"name\":\"Majestic Penthouse\"}]},{\"@type\":\"WebSite\",\"@id\":\"https:\/\/www.granderealvillaitalia.realhotelsgroup.com\/pt-pt\/#website\",\"url\":\"https:\/\/www.granderealvillaitalia.realhotelsgroup.com\/pt-pt\/\",\"name\":\"Grande Real Villa It\u00e1lia Hotel & Spa\",\"description\":\"Just another ms.decms.eu site\",\"potentialAction\":[{\"@type\":\"SearchAction\",\"target\":{\"@type\":\"EntryPoint\",\"urlTemplate\":\"https:\/\/www.granderealvillaitalia.realhotelsgroup.com\/pt-pt\/?s={search_term_string}\"},\"query-input\":{\"@type\":\"PropertyValueSpecification\",\"valueRequired\":true,\"valueName\":\"search_term_string\"}}],\"inLanguage\":\"pt-PT\"}]}<\/script>\n<!-- \/ Yoast SEO plugin. -->","yoast_head_json":{"title":"Majestic Penthouse - Grande Real Villa It\u00e1lia Hotel & Spa","description":"Fique na penthouse mais luxuosa de Cascais: a Majestic Penthouse, com vista deslumbrante sobre o mar de Cascais.","robots":{"index":"index","follow":"follow","max-snippet":"max-snippet:-1","max-image-preview":"max-image-preview:large","max-video-preview":"max-video-preview:-1"},"canonical":"https:\/\/www.granderealvillaitalia.realhotelsgroup.com\/pt-pt\/quartos-e-suites\/penthouse-majestic-suite\/","og_locale":"pt_PT","og_type":"article","og_title":"Majestic Penthouse - Grande Real Villa It\u00e1lia Hotel & Spa","og_description":"Fique na penthouse mais luxuosa de Cascais: a Majestic Penthouse, com vista deslumbrante sobre o mar de Cascais.","og_url":"https:\/\/www.granderealvillaitalia.realhotelsgroup.com\/pt-pt\/quartos-e-suites\/penthouse-majestic-suite\/","og_site_name":"Grande Real Villa It\u00e1lia Hotel & Spa","article_modified_time":"2025-06-11T07:01:16+00:00","twitter_card":"summary_large_image","twitter_misc":{"Tempo estimado de leitura":"1 minuto"},"schema":{"@context":"https:\/\/schema.org","@graph":[{"@type":"WebPage","@id":"https:\/\/www.granderealvillaitalia.realhotelsgroup.com\/pt-pt\/quartos-e-suites\/penthouse-majestic-suite\/","url":"https:\/\/www.granderealvillaitalia.realhotelsgroup.com\/pt-pt\/quartos-e-suites\/penthouse-majestic-suite\/","name":"Majestic Penthouse - Grande Real Villa It\u00e1lia Hotel & Spa","isPartOf":{"@id":"https:\/\/www.granderealvillaitalia.realhotelsgroup.com\/pt-pt\/#website"},"datePublished":"2020-11-20T14:55:32+00:00","dateModified":"2025-06-11T07:01:16+00:00","description":"Fique na penthouse mais luxuosa de Cascais: a Majestic Penthouse, com vista deslumbrante sobre o mar de Cascais.","breadcrumb":{"@id":"https:\/\/www.granderealvillaitalia.realhotelsgroup.com\/pt-pt\/quartos-e-suites\/penthouse-majestic-suite\/#breadcrumb"},"inLanguage":"pt-PT","potentialAction":[{"@type":"ReadAction","target":["https:\/\/www.granderealvillaitalia.realhotelsgroup.com\/pt-pt\/quartos-e-suites\/penthouse-majestic-suite\/"]}]},{"@type":"BreadcrumbList","@id":"https:\/\/www.granderealvillaitalia.realhotelsgroup.com\/pt-pt\/quartos-e-suites\/penthouse-majestic-suite\/#breadcrumb","itemListElement":[{"@type":"ListItem","position":1,"name":"Home","item":"https:\/\/www.granderealvillaitalia.realhotelsgroup.com\/pt-pt\/"},{"@type":"ListItem","position":2,"name":"Quartos e Suites","item":"https:\/\/www.granderealvillaitalia.realhotelsgroup.com\/pt-pt\/quartos-e-suites\/"},{"@type":"ListItem","position":3,"name":"Majestic Penthouse"}]},{"@type":"WebSite","@id":"https:\/\/www.granderealvillaitalia.realhotelsgroup.com\/pt-pt\/#website","url":"https:\/\/www.granderealvillaitalia.realhotelsgroup.com\/pt-pt\/","name":"Grande Real Villa It\u00e1lia Hotel & Spa","description":"Just another ms.decms.eu site","potentialAction":[{"@type":"SearchAction","target":{"@type":"EntryPoint","urlTemplate":"https:\/\/www.granderealvillaitalia.realhotelsgroup.com\/pt-pt\/?s={search_term_string}"},"query-input":{"@type":"PropertyValueSpecification","valueRequired":true,"valueName":"search_term_string"}}],"inLanguage":"pt-PT"}]}},"acf":[],"_links":{"self":[{"href":"https:\/\/www.granderealvillaitalia.realhotelsgroup.com\/pt-pt\/wp-json\/wp\/v2\/pages\/72","targetHints":{"allow":["GET"]}}],"collection":[{"href":"https:\/\/www.granderealvillaitalia.realhotelsgroup.com\/pt-pt\/wp-json\/wp\/v2\/pages"}],"about":[{"href":"https:\/\/www.granderealvillaitalia.realhotelsgroup.com\/pt-pt\/wp-json\/wp\/v2\/types\/page"}],"author":[{"embeddable":true,"href":"https:\/\/www.granderealvillaitalia.realhotelsgroup.com\/pt-pt\/wp-json\/wp\/v2\/users\/3"}],"replies":[{"embeddable":true,"href":"https:\/\/www.granderealvillaitalia.realhotelsgroup.com\/pt-pt\/wp-json\/wp\/v2\/comments?post=72"}],"version-history":[{"count":0,"href":"https:\/\/www.granderealvillaitalia.realhotelsgroup.com\/pt-pt\/wp-json\/wp\/v2\/pages\/72\/revisions"}],"up":[{"embeddable":true,"href":"https:\/\/www.granderealvillaitalia.realhotelsgroup.com\/pt-pt\/wp-json\/wp\/v2\/pages\/42"}],"wp:attachment":[{"href":"https:\/\/www.granderealvillaitalia.realhotelsgroup.com\/pt-pt\/wp-json\/wp\/v2\/media?parent=72"}],"curies":[{"name":"wp","href":"https:\/\/api.w.org\/{rel}","templated":true}]}}