{"id":76,"date":"2020-11-20T15:12:49","date_gmt":"2020-11-20T15:12:49","guid":{"rendered":"http:\/\/grande-real-villa-italia-hotel-spa.ms.decms.eu\/?page_id=76"},"modified":"2025-11-03T14:30:24","modified_gmt":"2025-11-03T14:30:24","slug":"restaurantes-e-bares","status":"publish","type":"page","link":"https:\/\/www.granderealvillaitalia.realhotelsgroup.com\/pt-pt\/restaurantes-e-bares\/","title":{"rendered":"Restaurantes e Bares"},"content":{"rendered":"<p><strong>A EXCEL\u00caNCIA DA GASTRONOMIA MEDITERR\u00c2NICA<\/strong><\/p>\n<p class=\"x_MsoNormal\"><span lang=\"PT\">\u00c9 o <strong>Restaurante Navegantes,<\/strong> em frente \u00e0 piscina, que lhe deseja um bom dia e lhe oferece um\u00a0pequeno-almo\u00e7o\u00a0de Rei.<\/span><\/p>\n<p class=\"x_MsoNormal\"><span lang=\"PT\">Durante o dia, junto \u00e0 piscina, o\u00a0<strong>Bar Mare,<\/strong> \u00e9 o local indicado para refei\u00e7\u00f5es mais leves e descomprometidas.<\/span><\/p>\n<p class=\"x_MsoNormal\"><span lang=\"PT\">O\u00a0<\/span><strong><span lang=\"PT\">La Terraza Bar<\/span><\/strong><span lang=\"PT\">\u00a0apresenta um conceito de\u00a0<\/span><span lang=\"PT\">gastrobar<\/span><span lang=\"PT\">, num terra\u00e7o maravilhoso sobre a piscina e o mar, e \u00e9 o sitio perfeito para um\u00a0<\/span><span lang=\"PT\">almo\u00e7o, jantar<\/span><span lang=\"PT\">\u00a0ou para um final de tarde inesquec\u00edvel, onde o tempo demora a passar.<\/span><\/p>\n","protected":false},"excerpt":{"rendered":"<p>A EXCEL\u00caNCIA DA GASTRONOMIA MEDITERR\u00c2NICA \u00c9 o Restaurante Navegantes, em frente \u00e0 piscina, que lhe deseja um bom dia e lhe oferece um\u00a0pequeno-almo\u00e7o\u00a0de Rei. Durante o dia, junto \u00e0 piscina, o\u00a0Bar Mare, \u00e9 o local indicado para refei\u00e7\u00f5es mais leves e descomprometidas. O\u00a0La Terraza Bar\u00a0apresenta um conceito de\u00a0gastrobar, num terra\u00e7o maravilhoso sobre a piscina e [&hellip;]<\/p>\n","protected":false},"author":3,"featured_media":0,"parent":0,"menu_order":30,"comment_status":"closed","ping_status":"closed","template":"","meta":{"footnotes":""},"class_list":["post-76","page","type-page","status-publish","hentry"],"yoast_head":"<!-- This site is optimized with the Yoast SEO plugin v26.9 - https:\/\/yoast.com\/product\/yoast-seo-wordpress\/ -->\n<title>Restaurantes e Bares - Grande Real Villa It\u00e1lia Hotel &amp; Spa<\/title>\n<meta name=\"robots\" content=\"index, follow, max-snippet:-1, max-image-preview:large, max-video-preview:-1\" \/>\n<link rel=\"canonical\" href=\"https:\/\/www.granderealvillaitalia.realhotelsgroup.com\/pt-pt\/restaurantes-e-bares\/\" \/>\n<meta property=\"og:locale\" content=\"pt_PT\" \/>\n<meta property=\"og:type\" content=\"article\" \/>\n<meta property=\"og:title\" content=\"Restaurantes e Bares - Grande Real Villa It\u00e1lia Hotel &amp; Spa\" \/>\n<meta property=\"og:description\" content=\"A EXCEL\u00caNCIA DA GASTRONOMIA MEDITERR\u00c2NICA \u00c9 o Restaurante Navegantes, em frente \u00e0 piscina, que lhe deseja um bom dia e lhe oferece um\u00a0pequeno-almo\u00e7o\u00a0de Rei. Durante o dia, junto \u00e0 piscina, o\u00a0Bar Mare, \u00e9 o local indicado para refei\u00e7\u00f5es mais leves e descomprometidas. O\u00a0La Terraza Bar\u00a0apresenta um conceito de\u00a0gastrobar, num terra\u00e7o maravilhoso sobre a piscina e [&hellip;]\" \/>\n<meta property=\"og:url\" content=\"https:\/\/www.granderealvillaitalia.realhotelsgroup.com\/pt-pt\/restaurantes-e-bares\/\" \/>\n<meta property=\"og:site_name\" content=\"Grande Real Villa It\u00e1lia Hotel &amp; Spa\" \/>\n<meta property=\"article:modified_time\" content=\"2025-11-03T14:30:24+00:00\" \/>\n<meta name=\"twitter:card\" content=\"summary_large_image\" \/>\n<meta name=\"twitter:label1\" content=\"Tempo estimado de leitura\" \/>\n\t<meta name=\"twitter:data1\" content=\"1 minuto\" \/>\n<script type=\"application\/ld+json\" class=\"yoast-schema-graph\">{\"@context\":\"https:\/\/schema.org\",\"@graph\":[{\"@type\":\"WebPage\",\"@id\":\"https:\/\/www.granderealvillaitalia.realhotelsgroup.com\/pt-pt\/restaurantes-e-bares\/\",\"url\":\"https:\/\/www.granderealvillaitalia.realhotelsgroup.com\/pt-pt\/restaurantes-e-bares\/\",\"name\":\"Restaurantes e Bares - Grande Real Villa It\u00e1lia Hotel & Spa\",\"isPartOf\":{\"@id\":\"https:\/\/www.granderealvillaitalia.realhotelsgroup.com\/pt-pt\/#website\"},\"datePublished\":\"2020-11-20T15:12:49+00:00\",\"dateModified\":\"2025-11-03T14:30:24+00:00\",\"breadcrumb\":{\"@id\":\"https:\/\/www.granderealvillaitalia.realhotelsgroup.com\/pt-pt\/restaurantes-e-bares\/#breadcrumb\"},\"inLanguage\":\"pt-PT\",\"potentialAction\":[{\"@type\":\"ReadAction\",\"target\":[\"https:\/\/www.granderealvillaitalia.realhotelsgroup.com\/pt-pt\/restaurantes-e-bares\/\"]}]},{\"@type\":\"BreadcrumbList\",\"@id\":\"https:\/\/www.granderealvillaitalia.realhotelsgroup.com\/pt-pt\/restaurantes-e-bares\/#breadcrumb\",\"itemListElement\":[{\"@type\":\"ListItem\",\"position\":1,\"name\":\"Home\",\"item\":\"https:\/\/www.granderealvillaitalia.realhotelsgroup.com\/pt-pt\/\"},{\"@type\":\"ListItem\",\"position\":2,\"name\":\"Restaurantes e Bares\"}]},{\"@type\":\"WebSite\",\"@id\":\"https:\/\/www.granderealvillaitalia.realhotelsgroup.com\/pt-pt\/#website\",\"url\":\"https:\/\/www.granderealvillaitalia.realhotelsgroup.com\/pt-pt\/\",\"name\":\"Grande Real Villa It\u00e1lia Hotel & Spa\",\"description\":\"Just another ms.decms.eu site\",\"potentialAction\":[{\"@type\":\"SearchAction\",\"target\":{\"@type\":\"EntryPoint\",\"urlTemplate\":\"https:\/\/www.granderealvillaitalia.realhotelsgroup.com\/pt-pt\/?s={search_term_string}\"},\"query-input\":{\"@type\":\"PropertyValueSpecification\",\"valueRequired\":true,\"valueName\":\"search_term_string\"}}],\"inLanguage\":\"pt-PT\"}]}<\/script>\n<!-- \/ Yoast SEO plugin. -->","yoast_head_json":{"title":"Restaurantes e Bares - Grande Real Villa It\u00e1lia Hotel & Spa","robots":{"index":"index","follow":"follow","max-snippet":"max-snippet:-1","max-image-preview":"max-image-preview:large","max-video-preview":"max-video-preview:-1"},"canonical":"https:\/\/www.granderealvillaitalia.realhotelsgroup.com\/pt-pt\/restaurantes-e-bares\/","og_locale":"pt_PT","og_type":"article","og_title":"Restaurantes e Bares - Grande Real Villa It\u00e1lia Hotel & Spa","og_description":"A EXCEL\u00caNCIA DA GASTRONOMIA MEDITERR\u00c2NICA \u00c9 o Restaurante Navegantes, em frente \u00e0 piscina, que lhe deseja um bom dia e lhe oferece um\u00a0pequeno-almo\u00e7o\u00a0de Rei. Durante o dia, junto \u00e0 piscina, o\u00a0Bar Mare, \u00e9 o local indicado para refei\u00e7\u00f5es mais leves e descomprometidas. O\u00a0La Terraza Bar\u00a0apresenta um conceito de\u00a0gastrobar, num terra\u00e7o maravilhoso sobre a piscina e [&hellip;]","og_url":"https:\/\/www.granderealvillaitalia.realhotelsgroup.com\/pt-pt\/restaurantes-e-bares\/","og_site_name":"Grande Real Villa It\u00e1lia Hotel & Spa","article_modified_time":"2025-11-03T14:30:24+00:00","twitter_card":"summary_large_image","twitter_misc":{"Tempo estimado de leitura":"1 minuto"},"schema":{"@context":"https:\/\/schema.org","@graph":[{"@type":"WebPage","@id":"https:\/\/www.granderealvillaitalia.realhotelsgroup.com\/pt-pt\/restaurantes-e-bares\/","url":"https:\/\/www.granderealvillaitalia.realhotelsgroup.com\/pt-pt\/restaurantes-e-bares\/","name":"Restaurantes e Bares - Grande Real Villa It\u00e1lia Hotel & Spa","isPartOf":{"@id":"https:\/\/www.granderealvillaitalia.realhotelsgroup.com\/pt-pt\/#website"},"datePublished":"2020-11-20T15:12:49+00:00","dateModified":"2025-11-03T14:30:24+00:00","breadcrumb":{"@id":"https:\/\/www.granderealvillaitalia.realhotelsgroup.com\/pt-pt\/restaurantes-e-bares\/#breadcrumb"},"inLanguage":"pt-PT","potentialAction":[{"@type":"ReadAction","target":["https:\/\/www.granderealvillaitalia.realhotelsgroup.com\/pt-pt\/restaurantes-e-bares\/"]}]},{"@type":"BreadcrumbList","@id":"https:\/\/www.granderealvillaitalia.realhotelsgroup.com\/pt-pt\/restaurantes-e-bares\/#breadcrumb","itemListElement":[{"@type":"ListItem","position":1,"name":"Home","item":"https:\/\/www.granderealvillaitalia.realhotelsgroup.com\/pt-pt\/"},{"@type":"ListItem","position":2,"name":"Restaurantes e Bares"}]},{"@type":"WebSite","@id":"https:\/\/www.granderealvillaitalia.realhotelsgroup.com\/pt-pt\/#website","url":"https:\/\/www.granderealvillaitalia.realhotelsgroup.com\/pt-pt\/","name":"Grande Real Villa It\u00e1lia Hotel & Spa","description":"Just another ms.decms.eu site","potentialAction":[{"@type":"SearchAction","target":{"@type":"EntryPoint","urlTemplate":"https:\/\/www.granderealvillaitalia.realhotelsgroup.com\/pt-pt\/?s={search_term_string}"},"query-input":{"@type":"PropertyValueSpecification","valueRequired":true,"valueName":"search_term_string"}}],"inLanguage":"pt-PT"}]}},"acf":[],"_links":{"self":[{"href":"https:\/\/www.granderealvillaitalia.realhotelsgroup.com\/pt-pt\/wp-json\/wp\/v2\/pages\/76","targetHints":{"allow":["GET"]}}],"collection":[{"href":"https:\/\/www.granderealvillaitalia.realhotelsgroup.com\/pt-pt\/wp-json\/wp\/v2\/pages"}],"about":[{"href":"https:\/\/www.granderealvillaitalia.realhotelsgroup.com\/pt-pt\/wp-json\/wp\/v2\/types\/page"}],"author":[{"embeddable":true,"href":"https:\/\/www.granderealvillaitalia.realhotelsgroup.com\/pt-pt\/wp-json\/wp\/v2\/users\/3"}],"replies":[{"embeddable":true,"href":"https:\/\/www.granderealvillaitalia.realhotelsgroup.com\/pt-pt\/wp-json\/wp\/v2\/comments?post=76"}],"version-history":[{"count":0,"href":"https:\/\/www.granderealvillaitalia.realhotelsgroup.com\/pt-pt\/wp-json\/wp\/v2\/pages\/76\/revisions"}],"wp:attachment":[{"href":"https:\/\/www.granderealvillaitalia.realhotelsgroup.com\/pt-pt\/wp-json\/wp\/v2\/media?parent=76"}],"curies":[{"name":"wp","href":"https:\/\/api.w.org\/{rel}","templated":true}]}}