{"id":777,"date":"2021-07-06T16:03:49","date_gmt":"2021-07-06T16:03:49","guid":{"rendered":"https:\/\/www.granderealvillaitalia.realhotelsgroup.com\/?page_id=777"},"modified":"2024-12-20T11:27:30","modified_gmt":"2024-12-20T11:27:30","slug":"brunch-cascais","status":"publish","type":"page","link":"https:\/\/www.granderealvillaitalia.realhotelsgroup.com\/pt-pt\/restaurantes-e-bares\/brunch-cascais\/","title":{"rendered":"Brunch em Cascais"},"content":{"rendered":"<h3>Brunch \u00e0 Boca do Mar c<strong><em>on ispirazione italiana <\/em><\/strong><\/h3>\n<p>Ou a arte extremamente italiana de passar metade do dia em volta da mesa.<\/p>\n<p>Inspirados, orgulhosamente, nas nossas origens italianas, reunimos alguns pratos e receitas italianas perfeitas para preencher aquele vazio entre o pequeno-almo\u00e7o e o almo\u00e7o, e junt\u00e1mos aos cl\u00e1ssicos de um brunch. <em>Buon Appetito!<\/em><\/p>\n<h6><\/h6>\n<h6><strong>Nota:<\/strong> \u00e9 necess\u00e1ria reserva para grupos acima de 8 pessoas, com pr\u00e9-pagamento de 50%.<\/h6>\n","protected":false},"excerpt":{"rendered":"<p>Brunch \u00e0 Boca do Mar con ispirazione italiana Ou a arte extremamente italiana de passar metade do dia em volta da mesa. Inspirados, orgulhosamente, nas nossas origens italianas, reunimos alguns pratos e receitas italianas perfeitas para preencher aquele vazio entre o pequeno-almo\u00e7o e o almo\u00e7o, e junt\u00e1mos aos cl\u00e1ssicos de um brunch. Buon Appetito! Nota: [&hellip;]<\/p>\n","protected":false},"author":241,"featured_media":1418,"parent":76,"menu_order":2,"comment_status":"closed","ping_status":"closed","template":"template-restaurant.php","meta":{"footnotes":""},"class_list":["post-777","page","type-page","status-publish","has-post-thumbnail","hentry"],"yoast_head":"<!-- This site is optimized with the Yoast SEO plugin v26.9 - https:\/\/yoast.com\/product\/yoast-seo-wordpress\/ -->\n<title>Brunch em Cascais - Grande Real Villa It\u00e1lia Hotel &amp; Spa<\/title>\n<meta name=\"robots\" content=\"index, follow, max-snippet:-1, max-image-preview:large, max-video-preview:-1\" \/>\n<link rel=\"canonical\" href=\"https:\/\/www.granderealvillaitalia.realhotelsgroup.com\/pt-pt\/restaurantes-e-bares\/brunch-cascais\/\" \/>\n<meta property=\"og:locale\" content=\"pt_PT\" \/>\n<meta property=\"og:type\" content=\"article\" \/>\n<meta property=\"og:title\" content=\"Brunch em Cascais - Grande Real Villa It\u00e1lia Hotel &amp; Spa\" \/>\n<meta property=\"og:description\" content=\"Brunch \u00e0 Boca do Mar con ispirazione italiana Ou a arte extremamente italiana de passar metade do dia em volta da mesa. Inspirados, orgulhosamente, nas nossas origens italianas, reunimos alguns pratos e receitas italianas perfeitas para preencher aquele vazio entre o pequeno-almo\u00e7o e o almo\u00e7o, e junt\u00e1mos aos cl\u00e1ssicos de um brunch. Buon Appetito! Nota: [&hellip;]\" \/>\n<meta property=\"og:url\" content=\"https:\/\/www.granderealvillaitalia.realhotelsgroup.com\/pt-pt\/restaurantes-e-bares\/brunch-cascais\/\" \/>\n<meta property=\"og:site_name\" content=\"Grande Real Villa It\u00e1lia Hotel &amp; Spa\" \/>\n<meta property=\"article:modified_time\" content=\"2024-12-20T11:27:30+00:00\" \/>\n<meta property=\"og:image\" content=\"https:\/\/www.granderealvillaitalia.realhotelsgroup.com\/wp-content\/uploads\/sites\/230\/2022\/11\/Brunch-Grande-Real-Villa-Italia-Hotel-Cascais-01.jpg\" \/>\n\t<meta property=\"og:image:width\" content=\"1800\" \/>\n\t<meta property=\"og:image:height\" content=\"1200\" \/>\n\t<meta property=\"og:image:type\" content=\"image\/jpeg\" \/>\n<meta name=\"twitter:card\" content=\"summary_large_image\" \/>\n<meta name=\"twitter:label1\" content=\"Tempo estimado de leitura\" \/>\n\t<meta name=\"twitter:data1\" content=\"1 minuto\" \/>\n<script type=\"application\/ld+json\" class=\"yoast-schema-graph\">{\"@context\":\"https:\/\/schema.org\",\"@graph\":[{\"@type\":\"WebPage\",\"@id\":\"https:\/\/www.granderealvillaitalia.realhotelsgroup.com\/pt-pt\/restaurantes-e-bares\/brunch-cascais\/\",\"url\":\"https:\/\/www.granderealvillaitalia.realhotelsgroup.com\/pt-pt\/restaurantes-e-bares\/brunch-cascais\/\",\"name\":\"Brunch em Cascais - Grande Real Villa It\u00e1lia Hotel & Spa\",\"isPartOf\":{\"@id\":\"https:\/\/www.granderealvillaitalia.realhotelsgroup.com\/pt-pt\/#website\"},\"primaryImageOfPage\":{\"@id\":\"https:\/\/www.granderealvillaitalia.realhotelsgroup.com\/pt-pt\/restaurantes-e-bares\/brunch-cascais\/#primaryimage\"},\"image\":{\"@id\":\"https:\/\/www.granderealvillaitalia.realhotelsgroup.com\/pt-pt\/restaurantes-e-bares\/brunch-cascais\/#primaryimage\"},\"thumbnailUrl\":\"https:\/\/www.granderealvillaitalia.realhotelsgroup.com\/wp-content\/uploads\/sites\/230\/2022\/11\/Brunch-Grande-Real-Villa-Italia-Hotel-Cascais-01.jpg\",\"datePublished\":\"2021-07-06T16:03:49+00:00\",\"dateModified\":\"2024-12-20T11:27:30+00:00\",\"breadcrumb\":{\"@id\":\"https:\/\/www.granderealvillaitalia.realhotelsgroup.com\/pt-pt\/restaurantes-e-bares\/brunch-cascais\/#breadcrumb\"},\"inLanguage\":\"pt-PT\",\"potentialAction\":[{\"@type\":\"ReadAction\",\"target\":[\"https:\/\/www.granderealvillaitalia.realhotelsgroup.com\/pt-pt\/restaurantes-e-bares\/brunch-cascais\/\"]}]},{\"@type\":\"ImageObject\",\"inLanguage\":\"pt-PT\",\"@id\":\"https:\/\/www.granderealvillaitalia.realhotelsgroup.com\/pt-pt\/restaurantes-e-bares\/brunch-cascais\/#primaryimage\",\"url\":\"https:\/\/www.granderealvillaitalia.realhotelsgroup.com\/wp-content\/uploads\/sites\/230\/2022\/11\/Brunch-Grande-Real-Villa-Italia-Hotel-Cascais-01.jpg\",\"contentUrl\":\"https:\/\/www.granderealvillaitalia.realhotelsgroup.com\/wp-content\/uploads\/sites\/230\/2022\/11\/Brunch-Grande-Real-Villa-Italia-Hotel-Cascais-01.jpg\",\"width\":1800,\"height\":1200,\"caption\":\"en::Brunch con inspirazione italiana pt-pt::Brunch con inspirazione italiana\"},{\"@type\":\"BreadcrumbList\",\"@id\":\"https:\/\/www.granderealvillaitalia.realhotelsgroup.com\/pt-pt\/restaurantes-e-bares\/brunch-cascais\/#breadcrumb\",\"itemListElement\":[{\"@type\":\"ListItem\",\"position\":1,\"name\":\"Home\",\"item\":\"https:\/\/www.granderealvillaitalia.realhotelsgroup.com\/pt-pt\/\"},{\"@type\":\"ListItem\",\"position\":2,\"name\":\"Restaurantes e Bares\",\"item\":\"https:\/\/www.granderealvillaitalia.realhotelsgroup.com\/pt-pt\/restaurantes-e-bares\/\"},{\"@type\":\"ListItem\",\"position\":3,\"name\":\"Brunch em Cascais\"}]},{\"@type\":\"WebSite\",\"@id\":\"https:\/\/www.granderealvillaitalia.realhotelsgroup.com\/pt-pt\/#website\",\"url\":\"https:\/\/www.granderealvillaitalia.realhotelsgroup.com\/pt-pt\/\",\"name\":\"Grande Real Villa It\u00e1lia Hotel & Spa\",\"description\":\"Just another ms.decms.eu site\",\"potentialAction\":[{\"@type\":\"SearchAction\",\"target\":{\"@type\":\"EntryPoint\",\"urlTemplate\":\"https:\/\/www.granderealvillaitalia.realhotelsgroup.com\/pt-pt\/?s={search_term_string}\"},\"query-input\":{\"@type\":\"PropertyValueSpecification\",\"valueRequired\":true,\"valueName\":\"search_term_string\"}}],\"inLanguage\":\"pt-PT\"}]}<\/script>\n<!-- \/ Yoast SEO plugin. -->","yoast_head_json":{"title":"Brunch em Cascais - Grande Real Villa It\u00e1lia Hotel & Spa","robots":{"index":"index","follow":"follow","max-snippet":"max-snippet:-1","max-image-preview":"max-image-preview:large","max-video-preview":"max-video-preview:-1"},"canonical":"https:\/\/www.granderealvillaitalia.realhotelsgroup.com\/pt-pt\/restaurantes-e-bares\/brunch-cascais\/","og_locale":"pt_PT","og_type":"article","og_title":"Brunch em Cascais - Grande Real Villa It\u00e1lia Hotel & Spa","og_description":"Brunch \u00e0 Boca do Mar con ispirazione italiana Ou a arte extremamente italiana de passar metade do dia em volta da mesa. Inspirados, orgulhosamente, nas nossas origens italianas, reunimos alguns pratos e receitas italianas perfeitas para preencher aquele vazio entre o pequeno-almo\u00e7o e o almo\u00e7o, e junt\u00e1mos aos cl\u00e1ssicos de um brunch. Buon Appetito! Nota: [&hellip;]","og_url":"https:\/\/www.granderealvillaitalia.realhotelsgroup.com\/pt-pt\/restaurantes-e-bares\/brunch-cascais\/","og_site_name":"Grande Real Villa It\u00e1lia Hotel & Spa","article_modified_time":"2024-12-20T11:27:30+00:00","og_image":[{"width":1800,"height":1200,"url":"https:\/\/www.granderealvillaitalia.realhotelsgroup.com\/wp-content\/uploads\/sites\/230\/2022\/11\/Brunch-Grande-Real-Villa-Italia-Hotel-Cascais-01.jpg","type":"image\/jpeg"}],"twitter_card":"summary_large_image","twitter_misc":{"Tempo estimado de leitura":"1 minuto"},"schema":{"@context":"https:\/\/schema.org","@graph":[{"@type":"WebPage","@id":"https:\/\/www.granderealvillaitalia.realhotelsgroup.com\/pt-pt\/restaurantes-e-bares\/brunch-cascais\/","url":"https:\/\/www.granderealvillaitalia.realhotelsgroup.com\/pt-pt\/restaurantes-e-bares\/brunch-cascais\/","name":"Brunch em Cascais - Grande Real Villa It\u00e1lia Hotel & Spa","isPartOf":{"@id":"https:\/\/www.granderealvillaitalia.realhotelsgroup.com\/pt-pt\/#website"},"primaryImageOfPage":{"@id":"https:\/\/www.granderealvillaitalia.realhotelsgroup.com\/pt-pt\/restaurantes-e-bares\/brunch-cascais\/#primaryimage"},"image":{"@id":"https:\/\/www.granderealvillaitalia.realhotelsgroup.com\/pt-pt\/restaurantes-e-bares\/brunch-cascais\/#primaryimage"},"thumbnailUrl":"https:\/\/www.granderealvillaitalia.realhotelsgroup.com\/wp-content\/uploads\/sites\/230\/2022\/11\/Brunch-Grande-Real-Villa-Italia-Hotel-Cascais-01.jpg","datePublished":"2021-07-06T16:03:49+00:00","dateModified":"2024-12-20T11:27:30+00:00","breadcrumb":{"@id":"https:\/\/www.granderealvillaitalia.realhotelsgroup.com\/pt-pt\/restaurantes-e-bares\/brunch-cascais\/#breadcrumb"},"inLanguage":"pt-PT","potentialAction":[{"@type":"ReadAction","target":["https:\/\/www.granderealvillaitalia.realhotelsgroup.com\/pt-pt\/restaurantes-e-bares\/brunch-cascais\/"]}]},{"@type":"ImageObject","inLanguage":"pt-PT","@id":"https:\/\/www.granderealvillaitalia.realhotelsgroup.com\/pt-pt\/restaurantes-e-bares\/brunch-cascais\/#primaryimage","url":"https:\/\/www.granderealvillaitalia.realhotelsgroup.com\/wp-content\/uploads\/sites\/230\/2022\/11\/Brunch-Grande-Real-Villa-Italia-Hotel-Cascais-01.jpg","contentUrl":"https:\/\/www.granderealvillaitalia.realhotelsgroup.com\/wp-content\/uploads\/sites\/230\/2022\/11\/Brunch-Grande-Real-Villa-Italia-Hotel-Cascais-01.jpg","width":1800,"height":1200,"caption":"en::Brunch con inspirazione italiana pt-pt::Brunch con inspirazione italiana"},{"@type":"BreadcrumbList","@id":"https:\/\/www.granderealvillaitalia.realhotelsgroup.com\/pt-pt\/restaurantes-e-bares\/brunch-cascais\/#breadcrumb","itemListElement":[{"@type":"ListItem","position":1,"name":"Home","item":"https:\/\/www.granderealvillaitalia.realhotelsgroup.com\/pt-pt\/"},{"@type":"ListItem","position":2,"name":"Restaurantes e Bares","item":"https:\/\/www.granderealvillaitalia.realhotelsgroup.com\/pt-pt\/restaurantes-e-bares\/"},{"@type":"ListItem","position":3,"name":"Brunch em Cascais"}]},{"@type":"WebSite","@id":"https:\/\/www.granderealvillaitalia.realhotelsgroup.com\/pt-pt\/#website","url":"https:\/\/www.granderealvillaitalia.realhotelsgroup.com\/pt-pt\/","name":"Grande Real Villa It\u00e1lia Hotel & Spa","description":"Just another ms.decms.eu site","potentialAction":[{"@type":"SearchAction","target":{"@type":"EntryPoint","urlTemplate":"https:\/\/www.granderealvillaitalia.realhotelsgroup.com\/pt-pt\/?s={search_term_string}"},"query-input":{"@type":"PropertyValueSpecification","valueRequired":true,"valueName":"search_term_string"}}],"inLanguage":"pt-PT"}]}},"acf":[],"_links":{"self":[{"href":"https:\/\/www.granderealvillaitalia.realhotelsgroup.com\/pt-pt\/wp-json\/wp\/v2\/pages\/777","targetHints":{"allow":["GET"]}}],"collection":[{"href":"https:\/\/www.granderealvillaitalia.realhotelsgroup.com\/pt-pt\/wp-json\/wp\/v2\/pages"}],"about":[{"href":"https:\/\/www.granderealvillaitalia.realhotelsgroup.com\/pt-pt\/wp-json\/wp\/v2\/types\/page"}],"author":[{"embeddable":true,"href":"https:\/\/www.granderealvillaitalia.realhotelsgroup.com\/pt-pt\/wp-json\/wp\/v2\/users\/241"}],"replies":[{"embeddable":true,"href":"https:\/\/www.granderealvillaitalia.realhotelsgroup.com\/pt-pt\/wp-json\/wp\/v2\/comments?post=777"}],"version-history":[{"count":0,"href":"https:\/\/www.granderealvillaitalia.realhotelsgroup.com\/pt-pt\/wp-json\/wp\/v2\/pages\/777\/revisions"}],"up":[{"embeddable":true,"href":"https:\/\/www.granderealvillaitalia.realhotelsgroup.com\/pt-pt\/wp-json\/wp\/v2\/pages\/76"}],"wp:featuredmedia":[{"embeddable":true,"href":"https:\/\/www.granderealvillaitalia.realhotelsgroup.com\/pt-pt\/wp-json\/wp\/v2\/media\/1418"}],"wp:attachment":[{"href":"https:\/\/www.granderealvillaitalia.realhotelsgroup.com\/pt-pt\/wp-json\/wp\/v2\/media?parent=777"}],"curies":[{"name":"wp","href":"https:\/\/api.w.org\/{rel}","templated":true}]}}