{"id":786,"date":"2021-07-07T14:02:46","date_gmt":"2021-07-07T14:02:46","guid":{"rendered":"https:\/\/www.granderealvillaitalia.realhotelsgroup.com\/?page_id=786"},"modified":"2025-09-30T13:28:58","modified_gmt":"2025-09-30T13:28:58","slug":"belvedere-ristorante","status":"publish","type":"page","link":"https:\/\/www.granderealvillaitalia.realhotelsgroup.com\/pt-pt\/restaurantes-e-bares\/belvedere-ristorante\/","title":{"rendered":"Belvedere Ristorante"},"content":{"rendered":"<p>Uma hist\u00f3ria que come\u00e7a cem anos atr\u00e1s: o Rei Humberto II de It\u00e1lia encontra na Villa It\u00e1lia o seu porto seguro. Hoje, o Restaurante Belvedere traz de volta a grande cozinha Italiana dessa \u00e9poca.<\/p>\n<p>Receitas cl\u00e1ssicas e ic\u00f3nicas, \u00e0 la carte, perfumadas com um aceno ao sabor contempor\u00e2neo. No menu do Belvedere, jantamos ou almo\u00e7amos em grande estilo, com uma sele\u00e7\u00e3o das receitas da cozinha real favoritas do Rei, a que junt\u00e1mos alguns deliciosos twists de pratos italianos cl\u00e1ssicos, preparados com ingredientes locais.<\/p>\n<h3>RECEITAS ITALIANAS CL\u00c1SSICAS IC\u00d3NICAS, COM UM TOQUE CONTEMPOR\u00c2NEO<\/h3>\n<p>O restaurante Belvedere traz de volta receitas italianas cl\u00e1ssicas e ic\u00f3nicas de grandes chefes do passado com um toque do gosto contempor\u00e2neo e de sustentabilidade. Jantamos como o Rei Humberto II teria feito no terra\u00e7o do seu antigo pal\u00e1cio, com uma sele\u00e7\u00e3o das suas receitas favoritas das cozinhas reais e alguns cl\u00e1ssicos deliciosos. O nosso toque contempor\u00e2neo na cozinha baseia-se no respeito pelos produtos do Oceano Atl\u00e2ntico, no abastecimento local e na sazonalidade.<\/p>\n<h3>GRANDEZA E ELEG\u00c2NCIA HONRANDO A HIST\u00d3RIA ITALIANA E A SUA TRADI\u00c7\u00c3O DE SERVI\u00c7O<\/h3>\n<p>Belvedere foi criado para trazer de volta os grandes restaurantes \u00e0 la carte. O nosso servi\u00e7o na sala de jantar segue um estilo cl\u00e1ssico, reflectindo a grandeza, a eleg\u00e2ncia e os aspectos t\u00e9cnicos do s\u00e9culo passado. A mesma filosofia \u00e9 seguida no nosso bar e na nossa adega, que oferece bebidas espirituosas e cocktails distintos de um tempo passado, e vinhos que fizeram a hist\u00f3ria dos vinhos italianos em todo o mundo.<\/p>\n","protected":false},"excerpt":{"rendered":"<p>Uma hist\u00f3ria que come\u00e7a cem anos atr\u00e1s: o Rei Humberto II de It\u00e1lia encontra na Villa It\u00e1lia o seu porto seguro. Hoje, o Restaurante Belvedere traz de volta a grande cozinha Italiana dessa \u00e9poca. Receitas cl\u00e1ssicas e ic\u00f3nicas, \u00e0 la carte, perfumadas com um aceno ao sabor contempor\u00e2neo. No menu do Belvedere, jantamos ou almo\u00e7amos [&hellip;]<\/p>\n","protected":false},"author":241,"featured_media":0,"parent":76,"menu_order":5,"comment_status":"closed","ping_status":"closed","template":"template-restaurant.php","meta":{"footnotes":""},"class_list":["post-786","page","type-page","status-publish","hentry"],"yoast_head":"<!-- This site is optimized with the Yoast SEO plugin v26.9 - https:\/\/yoast.com\/product\/yoast-seo-wordpress\/ -->\n<title>Belvedere Ristorante - Grande Real Villa It\u00e1lia Hotel &amp; Spa<\/title>\n<meta name=\"description\" content=\"No Belvedere canalizamos a nossa paix\u00e3o e tradi\u00e7\u00e3o italiana atrav\u00e9s da eleg\u00e2ncia e da sofistica\u00e7\u00e3o da nossa cozinha em Cascais.\" \/>\n<meta name=\"robots\" content=\"index, follow, max-snippet:-1, max-image-preview:large, max-video-preview:-1\" \/>\n<link rel=\"canonical\" href=\"https:\/\/www.granderealvillaitalia.realhotelsgroup.com\/pt-pt\/restaurantes-e-bares\/belvedere-ristorante\/\" \/>\n<meta property=\"og:locale\" content=\"pt_PT\" \/>\n<meta property=\"og:type\" content=\"article\" \/>\n<meta property=\"og:title\" content=\"Belvedere Ristorante - Grande Real Villa It\u00e1lia Hotel &amp; Spa\" \/>\n<meta property=\"og:description\" content=\"No Belvedere canalizamos a nossa paix\u00e3o e tradi\u00e7\u00e3o italiana atrav\u00e9s da eleg\u00e2ncia e da sofistica\u00e7\u00e3o da nossa cozinha em Cascais.\" \/>\n<meta property=\"og:url\" content=\"https:\/\/www.granderealvillaitalia.realhotelsgroup.com\/pt-pt\/restaurantes-e-bares\/belvedere-ristorante\/\" \/>\n<meta property=\"og:site_name\" content=\"Grande Real Villa It\u00e1lia Hotel &amp; Spa\" \/>\n<meta property=\"article:modified_time\" content=\"2025-09-30T13:28:58+00:00\" \/>\n<meta name=\"twitter:card\" content=\"summary_large_image\" \/>\n<meta name=\"twitter:label1\" content=\"Tempo estimado de leitura\" \/>\n\t<meta name=\"twitter:data1\" content=\"2 minutos\" \/>\n<script type=\"application\/ld+json\" class=\"yoast-schema-graph\">{\"@context\":\"https:\/\/schema.org\",\"@graph\":[{\"@type\":\"WebPage\",\"@id\":\"https:\/\/www.granderealvillaitalia.realhotelsgroup.com\/pt-pt\/restaurantes-e-bares\/belvedere-ristorante\/\",\"url\":\"https:\/\/www.granderealvillaitalia.realhotelsgroup.com\/pt-pt\/restaurantes-e-bares\/belvedere-ristorante\/\",\"name\":\"Belvedere Ristorante - Grande Real Villa It\u00e1lia Hotel & Spa\",\"isPartOf\":{\"@id\":\"https:\/\/www.granderealvillaitalia.realhotelsgroup.com\/pt-pt\/#website\"},\"datePublished\":\"2021-07-07T14:02:46+00:00\",\"dateModified\":\"2025-09-30T13:28:58+00:00\",\"description\":\"No Belvedere canalizamos a nossa paix\u00e3o e tradi\u00e7\u00e3o italiana atrav\u00e9s da eleg\u00e2ncia e da sofistica\u00e7\u00e3o da nossa cozinha em Cascais.\",\"breadcrumb\":{\"@id\":\"https:\/\/www.granderealvillaitalia.realhotelsgroup.com\/pt-pt\/restaurantes-e-bares\/belvedere-ristorante\/#breadcrumb\"},\"inLanguage\":\"pt-PT\",\"potentialAction\":[{\"@type\":\"ReadAction\",\"target\":[\"https:\/\/www.granderealvillaitalia.realhotelsgroup.com\/pt-pt\/restaurantes-e-bares\/belvedere-ristorante\/\"]}]},{\"@type\":\"BreadcrumbList\",\"@id\":\"https:\/\/www.granderealvillaitalia.realhotelsgroup.com\/pt-pt\/restaurantes-e-bares\/belvedere-ristorante\/#breadcrumb\",\"itemListElement\":[{\"@type\":\"ListItem\",\"position\":1,\"name\":\"Home\",\"item\":\"https:\/\/www.granderealvillaitalia.realhotelsgroup.com\/pt-pt\/\"},{\"@type\":\"ListItem\",\"position\":2,\"name\":\"Restaurantes e Bares\",\"item\":\"https:\/\/www.granderealvillaitalia.realhotelsgroup.com\/pt-pt\/restaurantes-e-bares\/\"},{\"@type\":\"ListItem\",\"position\":3,\"name\":\"Belvedere Ristorante\"}]},{\"@type\":\"WebSite\",\"@id\":\"https:\/\/www.granderealvillaitalia.realhotelsgroup.com\/pt-pt\/#website\",\"url\":\"https:\/\/www.granderealvillaitalia.realhotelsgroup.com\/pt-pt\/\",\"name\":\"Grande Real Villa It\u00e1lia Hotel & Spa\",\"description\":\"Just another ms.decms.eu site\",\"potentialAction\":[{\"@type\":\"SearchAction\",\"target\":{\"@type\":\"EntryPoint\",\"urlTemplate\":\"https:\/\/www.granderealvillaitalia.realhotelsgroup.com\/pt-pt\/?s={search_term_string}\"},\"query-input\":{\"@type\":\"PropertyValueSpecification\",\"valueRequired\":true,\"valueName\":\"search_term_string\"}}],\"inLanguage\":\"pt-PT\"}]}<\/script>\n<!-- \/ Yoast SEO plugin. -->","yoast_head_json":{"title":"Belvedere Ristorante - Grande Real Villa It\u00e1lia Hotel & Spa","description":"No Belvedere canalizamos a nossa paix\u00e3o e tradi\u00e7\u00e3o italiana atrav\u00e9s da eleg\u00e2ncia e da sofistica\u00e7\u00e3o da nossa cozinha em Cascais.","robots":{"index":"index","follow":"follow","max-snippet":"max-snippet:-1","max-image-preview":"max-image-preview:large","max-video-preview":"max-video-preview:-1"},"canonical":"https:\/\/www.granderealvillaitalia.realhotelsgroup.com\/pt-pt\/restaurantes-e-bares\/belvedere-ristorante\/","og_locale":"pt_PT","og_type":"article","og_title":"Belvedere Ristorante - Grande Real Villa It\u00e1lia Hotel & Spa","og_description":"No Belvedere canalizamos a nossa paix\u00e3o e tradi\u00e7\u00e3o italiana atrav\u00e9s da eleg\u00e2ncia e da sofistica\u00e7\u00e3o da nossa cozinha em Cascais.","og_url":"https:\/\/www.granderealvillaitalia.realhotelsgroup.com\/pt-pt\/restaurantes-e-bares\/belvedere-ristorante\/","og_site_name":"Grande Real Villa It\u00e1lia Hotel & Spa","article_modified_time":"2025-09-30T13:28:58+00:00","twitter_card":"summary_large_image","twitter_misc":{"Tempo estimado de leitura":"2 minutos"},"schema":{"@context":"https:\/\/schema.org","@graph":[{"@type":"WebPage","@id":"https:\/\/www.granderealvillaitalia.realhotelsgroup.com\/pt-pt\/restaurantes-e-bares\/belvedere-ristorante\/","url":"https:\/\/www.granderealvillaitalia.realhotelsgroup.com\/pt-pt\/restaurantes-e-bares\/belvedere-ristorante\/","name":"Belvedere Ristorante - Grande Real Villa It\u00e1lia Hotel & Spa","isPartOf":{"@id":"https:\/\/www.granderealvillaitalia.realhotelsgroup.com\/pt-pt\/#website"},"datePublished":"2021-07-07T14:02:46+00:00","dateModified":"2025-09-30T13:28:58+00:00","description":"No Belvedere canalizamos a nossa paix\u00e3o e tradi\u00e7\u00e3o italiana atrav\u00e9s da eleg\u00e2ncia e da sofistica\u00e7\u00e3o da nossa cozinha em Cascais.","breadcrumb":{"@id":"https:\/\/www.granderealvillaitalia.realhotelsgroup.com\/pt-pt\/restaurantes-e-bares\/belvedere-ristorante\/#breadcrumb"},"inLanguage":"pt-PT","potentialAction":[{"@type":"ReadAction","target":["https:\/\/www.granderealvillaitalia.realhotelsgroup.com\/pt-pt\/restaurantes-e-bares\/belvedere-ristorante\/"]}]},{"@type":"BreadcrumbList","@id":"https:\/\/www.granderealvillaitalia.realhotelsgroup.com\/pt-pt\/restaurantes-e-bares\/belvedere-ristorante\/#breadcrumb","itemListElement":[{"@type":"ListItem","position":1,"name":"Home","item":"https:\/\/www.granderealvillaitalia.realhotelsgroup.com\/pt-pt\/"},{"@type":"ListItem","position":2,"name":"Restaurantes e Bares","item":"https:\/\/www.granderealvillaitalia.realhotelsgroup.com\/pt-pt\/restaurantes-e-bares\/"},{"@type":"ListItem","position":3,"name":"Belvedere Ristorante"}]},{"@type":"WebSite","@id":"https:\/\/www.granderealvillaitalia.realhotelsgroup.com\/pt-pt\/#website","url":"https:\/\/www.granderealvillaitalia.realhotelsgroup.com\/pt-pt\/","name":"Grande Real Villa It\u00e1lia Hotel & Spa","description":"Just another ms.decms.eu site","potentialAction":[{"@type":"SearchAction","target":{"@type":"EntryPoint","urlTemplate":"https:\/\/www.granderealvillaitalia.realhotelsgroup.com\/pt-pt\/?s={search_term_string}"},"query-input":{"@type":"PropertyValueSpecification","valueRequired":true,"valueName":"search_term_string"}}],"inLanguage":"pt-PT"}]}},"acf":[],"_links":{"self":[{"href":"https:\/\/www.granderealvillaitalia.realhotelsgroup.com\/pt-pt\/wp-json\/wp\/v2\/pages\/786","targetHints":{"allow":["GET"]}}],"collection":[{"href":"https:\/\/www.granderealvillaitalia.realhotelsgroup.com\/pt-pt\/wp-json\/wp\/v2\/pages"}],"about":[{"href":"https:\/\/www.granderealvillaitalia.realhotelsgroup.com\/pt-pt\/wp-json\/wp\/v2\/types\/page"}],"author":[{"embeddable":true,"href":"https:\/\/www.granderealvillaitalia.realhotelsgroup.com\/pt-pt\/wp-json\/wp\/v2\/users\/241"}],"replies":[{"embeddable":true,"href":"https:\/\/www.granderealvillaitalia.realhotelsgroup.com\/pt-pt\/wp-json\/wp\/v2\/comments?post=786"}],"version-history":[{"count":0,"href":"https:\/\/www.granderealvillaitalia.realhotelsgroup.com\/pt-pt\/wp-json\/wp\/v2\/pages\/786\/revisions"}],"up":[{"embeddable":true,"href":"https:\/\/www.granderealvillaitalia.realhotelsgroup.com\/pt-pt\/wp-json\/wp\/v2\/pages\/76"}],"wp:attachment":[{"href":"https:\/\/www.granderealvillaitalia.realhotelsgroup.com\/pt-pt\/wp-json\/wp\/v2\/media?parent=786"}],"curies":[{"name":"wp","href":"https:\/\/api.w.org\/{rel}","templated":true}]}}